{"id":13649,"date":"2025-05-05T11:22:09","date_gmt":"2025-05-05T09:22:09","guid":{"rendered":"https:\/\/www.xefi.ch\/xefi-entdecken\/uber-uns\/unsere-partner-zertifizierungen\/"},"modified":"2026-01-12T16:06:08","modified_gmt":"2026-01-12T15:06:08","slug":"unsere-partner-zertifizierungen","status":"publish","type":"page","link":"https:\/\/www.xefi.ch\/de\/xefi-entdecken\/uber-uns\/unsere-partner-zertifizierungen\/","title":{"rendered":"Unsere Partner &amp; Zertifizierungen"},"content":{"rendered":"\n<div class=\"wp-block-group alignfull is-layout-constrained wp-container-core-group-is-layout-e283d89d wp-block-group-is-layout-constrained\" style=\"margin-bottom:var(--wp--preset--spacing--70);padding-top:var(--wp--preset--spacing--80);padding-right:var(--wp--preset--spacing--50);padding-bottom:var(--wp--preset--spacing--80);padding-left:var(--wp--preset--spacing--50)\">\n<h2 class=\"wp-block-heading has-text-align-center\" style=\"margin-bottom:var(--wp--preset--spacing--50)\">ERSTKLASSIGE PARTNERSCHAFTEN <mark class=\"has-inline-color has-primary-color\">F\u00dcR EINEN EXZELLENTEN SERVICE<\/mark> <\/h2>\n\n\n\n<p class=\"has-text-align-center\">Bei XEFI basieren die Leistung und Sicherheit Ihrer IT-Infrastrukturen auf einem soliden Fundament.<br\/>Unsere technischen Zertifizierungen und Partnerschaften mit weltweit f\u00fchrenden Unternehmen der Branche zeugen von unserem hohen Qualit\u00e4tsanspruch.<\/p>\n\n\n\n<p class=\"has-text-align-center\" style=\"margin-bottom:0\"><strong>Dank dieser offiziellen Anerkennungen k\u00f6nnen wir Ihnen zuverl\u00e4ssige, skalierbare und stets innovative L\u00f6sungen anbieten.<\/strong><\/p>\n<\/div>\n\n<div class=\"wp-block-group alignfull has-grey-2-background-color has-background is-layout-constrained wp-container-core-group-is-layout-19e250f3 wp-block-group-is-layout-constrained\">\n<div style=\"height:60px\" aria-hidden=\"true\" class=\"wp-block-spacer\"><\/div>\n\n\n\n<div class=\"wp-block-group cut-border has-background-background-color has-background is-layout-constrained wp-container-core-group-is-layout-01050bb4 wp-block-group-is-layout-constrained\" style=\"margin-top:0;margin-bottom:var(--wp--preset--spacing--70);padding-right:0;padding-left:0\">\n<div class=\"wp-block-columns is-layout-flex wp-container-core-columns-is-layout-e2f33555 wp-block-columns-is-layout-flex\" style=\"padding-top:var(--wp--preset--spacing--70);padding-right:var(--wp--preset--spacing--70);padding-bottom:var(--wp--preset--spacing--70);padding-left:var(--wp--preset--spacing--70)\">\n<div class=\"wp-block-column is-layout-flow wp-block-column-is-layout-flow\">\n<figure class=\"wp-block-image size-full cut-border\" style=\"margin-top:0\"><img loading=\"lazy\" decoding=\"async\" width=\"2560\" height=\"1707\" src=\"https:\/\/www.xefi.fr\/wp-content\/uploads\/sites\/2\/2025\/07\/hpi-xefi-partenaire-informatique-tpe-pme-scaled.jpg\" alt=\"\" class=\"wp-image-10328\" style=\"aspect-ratio:4\/3;object-fit:cover\" srcset=\"https:\/\/www.xefi.ch\/wp-content\/uploads\/sites\/7\/2025\/07\/hpi-xefi-partenaire-informatique-tpe-pme-scaled.jpg 2560w, https:\/\/www.xefi.ch\/wp-content\/uploads\/sites\/7\/2025\/07\/hpi-xefi-partenaire-informatique-tpe-pme-300x200.jpg 300w, https:\/\/www.xefi.ch\/wp-content\/uploads\/sites\/7\/2025\/07\/hpi-xefi-partenaire-informatique-tpe-pme-1024x683.jpg 1024w, https:\/\/www.xefi.ch\/wp-content\/uploads\/sites\/7\/2025\/07\/hpi-xefi-partenaire-informatique-tpe-pme-768x512.jpg 768w, https:\/\/www.xefi.ch\/wp-content\/uploads\/sites\/7\/2025\/07\/hpi-xefi-partenaire-informatique-tpe-pme-1536x1024.jpg 1536w, https:\/\/www.xefi.ch\/wp-content\/uploads\/sites\/7\/2025\/07\/hpi-xefi-partenaire-informatique-tpe-pme-2048x1365.jpg 2048w\" sizes=\"auto, (max-width: 2560px) 100vw, 2560px\" \/><\/figure>\n<\/div>\n\n\n\n<div class=\"wp-block-column is-layout-flow wp-block-column-is-layout-flow\" style=\"padding-right:0;padding-left:0\">\n<figure class=\"wp-block-image size-full is-resized\" style=\"margin-top:0;margin-bottom:var(--wp--preset--spacing--60)\"><img loading=\"lazy\" decoding=\"async\" width=\"50\" height=\"50\" src=\"https:\/\/www.xefi.fr\/wp-content\/uploads\/sites\/2\/2025\/05\/HP_logo_2025.svg-e1751965539763.png\" alt=\"\" class=\"wp-image-9534\" style=\"width:50px;height:auto\"\/><\/figure>\n\n\n\n<h3 class=\"wp-block-heading\"><strong>HP AMPLIFY POWER ELITE<\/strong><\/h3>\n\n\n\n<p>XEFI ist seit \u00fcber 20 Jahren Partner von HP INC und verf\u00fcgt heute \u00fcber den Status HP Amplify Power Elite<\/p>\n\n\n\n<p>Dieser Status entspricht der h\u00f6chsten Zertifizierungsstufe bei HP Inc. und erm\u00f6glicht es XEFI, seinen Kunden die besten Preise f\u00fcr alle Produkte der Marke (PCs, Laptops, Drucker, Kopierer), den besten kommerziellen und technischen Support sowie privilegierten Zugang zu Ersatzteilen zu bieten.<\/p>\n\n\n\n<p>Dank dieser privilegierten Partnerschaft zwischen XEFI und dem Hersteller profitieren alle unsere Kunden sofort und direkt von all diesen Vorteilen.<\/p>\n<\/div>\n<\/div>\n<\/div>\n\n\n\n<div class=\"wp-block-group cut-border has-background-background-color has-background is-layout-constrained wp-container-core-group-is-layout-e04e6721 wp-block-group-is-layout-constrained\" style=\"margin-bottom:var(--wp--preset--spacing--70);padding-right:0;padding-left:0\">\n<div class=\"wp-block-columns is-layout-flex wp-container-core-columns-is-layout-e2f33555 wp-block-columns-is-layout-flex\" style=\"padding-top:var(--wp--preset--spacing--70);padding-right:var(--wp--preset--spacing--70);padding-bottom:var(--wp--preset--spacing--70);padding-left:var(--wp--preset--spacing--70)\">\n<div class=\"wp-block-column is-layout-flow wp-block-column-is-layout-flow\" style=\"padding-right:0;padding-left:0\">\n<figure class=\"wp-block-image size-full is-resized\" style=\"margin-top:0;margin-bottom:var(--wp--preset--spacing--60)\"><img decoding=\"async\" src=\"https:\/\/www.xefi.fr\/wp-content\/uploads\/sites\/2\/2025\/07\/Hewlett_Packard_Enterprise_logo_2025.svg-1-1-scaled.png\" alt=\"\" class=\"wp-image-10675\" style=\"width:auto;height:30px\"\/><\/figure>\n\n\n\n<h3 class=\"wp-block-heading\"><strong>HEWLETT PACKARD ENTERPRISE<\/strong><\/h3>\n\n\n\n<p>XEFI ist GOLD Service Provider-Partner von Hewlett Packard Enterprise <\/p>\n\n\n\n<p>XEFI wird regelm\u00e4\u00dfig von Hewlett Packard Enterprise als \u201ePartner des Jahres\u201d ausgezeichnet! <\/p>\n\n\n\n<p>Dank dieser Unterst\u00fctzung profitieren die Kunden von XEFI bei Hewlett Packard Enterprise von den besten Preisen f\u00fcr alle Produkte, Server, Speicher und Netzwerke des Herstellers.<\/p>\n<\/div>\n\n\n\n<div class=\"wp-block-column is-layout-flow wp-block-column-is-layout-flow\">\n<figure class=\"wp-block-image size-full cut-border\"><img loading=\"lazy\" decoding=\"async\" width=\"2560\" height=\"1440\" src=\"https:\/\/www.xefi.fr\/wp-content\/uploads\/sites\/2\/2025\/07\/hewlett-packard-entreprise-hpe-xefi-partenaire-informatique-tpe-pme-scaled.jpg\" alt=\"\" class=\"wp-image-10331\" style=\"aspect-ratio:4\/3;object-fit:cover\" srcset=\"https:\/\/www.xefi.ch\/wp-content\/uploads\/sites\/7\/2025\/07\/hewlett-packard-entreprise-hpe-xefi-partenaire-informatique-tpe-pme-scaled.jpg 2560w, https:\/\/www.xefi.ch\/wp-content\/uploads\/sites\/7\/2025\/07\/hewlett-packard-entreprise-hpe-xefi-partenaire-informatique-tpe-pme-300x169.jpg 300w, https:\/\/www.xefi.ch\/wp-content\/uploads\/sites\/7\/2025\/07\/hewlett-packard-entreprise-hpe-xefi-partenaire-informatique-tpe-pme-1024x576.jpg 1024w, https:\/\/www.xefi.ch\/wp-content\/uploads\/sites\/7\/2025\/07\/hewlett-packard-entreprise-hpe-xefi-partenaire-informatique-tpe-pme-768x432.jpg 768w, https:\/\/www.xefi.ch\/wp-content\/uploads\/sites\/7\/2025\/07\/hewlett-packard-entreprise-hpe-xefi-partenaire-informatique-tpe-pme-1536x864.jpg 1536w, https:\/\/www.xefi.ch\/wp-content\/uploads\/sites\/7\/2025\/07\/hewlett-packard-entreprise-hpe-xefi-partenaire-informatique-tpe-pme-2048x1152.jpg 2048w\" sizes=\"auto, (max-width: 2560px) 100vw, 2560px\" \/><\/figure>\n<\/div>\n<\/div>\n<\/div>\n\n\n\n<div class=\"wp-block-group cut-border has-background-background-color has-background is-layout-constrained wp-container-core-group-is-layout-e04e6721 wp-block-group-is-layout-constrained\" style=\"margin-bottom:var(--wp--preset--spacing--70);padding-right:0;padding-left:0\">\n<div class=\"wp-block-columns is-layout-flex wp-container-core-columns-is-layout-e2f33555 wp-block-columns-is-layout-flex\" style=\"padding-top:var(--wp--preset--spacing--70);padding-right:var(--wp--preset--spacing--70);padding-bottom:var(--wp--preset--spacing--70);padding-left:var(--wp--preset--spacing--70)\">\n<div class=\"wp-block-column is-layout-flow wp-block-column-is-layout-flow\">\n<figure class=\"wp-block-image size-full cut-border\"><img loading=\"lazy\" decoding=\"async\" width=\"2560\" height=\"1440\" src=\"https:\/\/www.xefi.fr\/wp-content\/uploads\/sites\/2\/2025\/07\/hpe-aruba-entreprise-hpe-xefi-partenaire-informatique-tpe-pme-scaled.jpg\" alt=\"\" class=\"wp-image-10333\" style=\"aspect-ratio:4\/3;object-fit:cover\" srcset=\"https:\/\/www.xefi.ch\/wp-content\/uploads\/sites\/7\/2025\/07\/hpe-aruba-entreprise-hpe-xefi-partenaire-informatique-tpe-pme-scaled.jpg 2560w, https:\/\/www.xefi.ch\/wp-content\/uploads\/sites\/7\/2025\/07\/hpe-aruba-entreprise-hpe-xefi-partenaire-informatique-tpe-pme-300x169.jpg 300w, https:\/\/www.xefi.ch\/wp-content\/uploads\/sites\/7\/2025\/07\/hpe-aruba-entreprise-hpe-xefi-partenaire-informatique-tpe-pme-1024x576.jpg 1024w, https:\/\/www.xefi.ch\/wp-content\/uploads\/sites\/7\/2025\/07\/hpe-aruba-entreprise-hpe-xefi-partenaire-informatique-tpe-pme-768x432.jpg 768w, https:\/\/www.xefi.ch\/wp-content\/uploads\/sites\/7\/2025\/07\/hpe-aruba-entreprise-hpe-xefi-partenaire-informatique-tpe-pme-1536x864.jpg 1536w, https:\/\/www.xefi.ch\/wp-content\/uploads\/sites\/7\/2025\/07\/hpe-aruba-entreprise-hpe-xefi-partenaire-informatique-tpe-pme-2048x1152.jpg 2048w\" sizes=\"auto, (max-width: 2560px) 100vw, 2560px\" \/><\/figure>\n<\/div>\n\n\n\n<div class=\"wp-block-column is-layout-flow wp-block-column-is-layout-flow\" style=\"padding-right:0;padding-left:0\">\n<figure class=\"wp-block-image size-full is-resized\" style=\"margin-top:0;margin-bottom:var(--wp--preset--spacing--60)\"><img loading=\"lazy\" decoding=\"async\" width=\"198\" height=\"45\" src=\"https:\/\/www.xefi.fr\/wp-content\/uploads\/sites\/2\/2025\/07\/Group.png\" alt=\"\" class=\"wp-image-9857\" style=\"width:auto;height:30px\"\/><\/figure>\n\n\n\n<h3 class=\"wp-block-heading\"><strong>ARUBA<\/strong><\/h3>\n\n\n\n<p>Aruba, eine Netzwerk-Sparte von Hewlett Packard Enterprise, ist auf WLAN-, Switch-, Sicherheits- und zentrale Managementl\u00f6sungen f\u00fcr IT-Infrastrukturen spezialisiert.<\/p>\n\n\n\n<p>ARUBA ist der Partner von XEFI f\u00fcr NETZWERK- und WLAN-L\u00f6sungen.<\/p>\n\n\n\n<p>Im Jahr 2021 wurde XEFI als bester MSP-Partner (Managed Service Provider) des Jahres f\u00fcr die Region EMEA (Europa, Naher Osten und Afrika) ausgezeichnet.<\/p>\n<\/div>\n<\/div>\n<\/div>\n\n\n\n<div class=\"wp-block-group cut-border has-background-background-color has-background is-layout-constrained wp-container-core-group-is-layout-e04e6721 wp-block-group-is-layout-constrained\" style=\"margin-bottom:var(--wp--preset--spacing--70);padding-right:0;padding-left:0\">\n<div class=\"wp-block-columns is-layout-flex wp-container-core-columns-is-layout-e2f33555 wp-block-columns-is-layout-flex\" style=\"padding-top:var(--wp--preset--spacing--70);padding-right:var(--wp--preset--spacing--70);padding-bottom:var(--wp--preset--spacing--70);padding-left:var(--wp--preset--spacing--70)\">\n<div class=\"wp-block-column is-layout-flow wp-block-column-is-layout-flow\" style=\"padding-right:0;padding-left:0\">\n<figure class=\"wp-block-image size-full is-resized\" style=\"margin-top:0;margin-bottom:var(--wp--preset--spacing--60)\"><img loading=\"lazy\" decoding=\"async\" width=\"167\" height=\"37\" src=\"https:\/\/www.xefi.fr\/wp-content\/uploads\/sites\/2\/2025\/07\/Group-1321314570.png\" alt=\"\" class=\"wp-image-9859\" style=\"width:auto;height:30px\"\/><\/figure>\n\n\n\n<h3 class=\"wp-block-heading\"><strong>MICROSOFT<\/strong><\/h3>\n\n\n\n<p>XEFI ist einer der gr\u00f6\u00dften Microsoft-Partner in Frankreich auf dem Markt f\u00fcr Kleinstunternehmen und KMU.<\/p>\n\n\n\n<p>Unser Partnerstatus mit Microsoft \u2013 einem weltweit f\u00fchrenden Anbieter von Software-, Cloud- und Kollaborationsl\u00f6sungen f\u00fcr Unternehmen \u2013 erm\u00f6glicht es uns, unsere Kunden bedarfsgerecht bei ihren Anforderungen rund um Microsoft 365, Azure und Windows zu begleiten.<\/p>\n<\/div>\n\n\n\n<div class=\"wp-block-column is-layout-flow wp-block-column-is-layout-flow\">\n<figure class=\"wp-block-image size-full cut-border\"><img loading=\"lazy\" decoding=\"async\" width=\"1366\" height=\"890\" src=\"https:\/\/www.xefi.fr\/wp-content\/uploads\/sites\/2\/2025\/07\/microsoft-entreprise-hpe-xefi-partenaire-informatique-tpe-pme.jpg\" alt=\"\" class=\"wp-image-10335\" style=\"aspect-ratio:4\/3;object-fit:cover\" srcset=\"https:\/\/www.xefi.ch\/wp-content\/uploads\/sites\/7\/2025\/07\/microsoft-entreprise-hpe-xefi-partenaire-informatique-tpe-pme.jpg 1366w, https:\/\/www.xefi.ch\/wp-content\/uploads\/sites\/7\/2025\/07\/microsoft-entreprise-hpe-xefi-partenaire-informatique-tpe-pme-300x195.jpg 300w, https:\/\/www.xefi.ch\/wp-content\/uploads\/sites\/7\/2025\/07\/microsoft-entreprise-hpe-xefi-partenaire-informatique-tpe-pme-1024x667.jpg 1024w, https:\/\/www.xefi.ch\/wp-content\/uploads\/sites\/7\/2025\/07\/microsoft-entreprise-hpe-xefi-partenaire-informatique-tpe-pme-768x500.jpg 768w\" sizes=\"auto, (max-width: 1366px) 100vw, 1366px\" \/><\/figure>\n<\/div>\n<\/div>\n<\/div>\n\n\n\n<div class=\"wp-block-group cut-border has-background-background-color has-background is-layout-constrained wp-container-core-group-is-layout-e04e6721 wp-block-group-is-layout-constrained\" style=\"margin-bottom:var(--wp--preset--spacing--70);padding-right:0;padding-left:0\">\n<div class=\"wp-block-columns is-layout-flex wp-container-core-columns-is-layout-e2f33555 wp-block-columns-is-layout-flex\" style=\"padding-top:var(--wp--preset--spacing--70);padding-right:var(--wp--preset--spacing--70);padding-bottom:var(--wp--preset--spacing--70);padding-left:var(--wp--preset--spacing--70)\">\n<div class=\"wp-block-column is-layout-flow wp-block-column-is-layout-flow\">\n<figure class=\"wp-block-image size-full cut-border\"><img loading=\"lazy\" decoding=\"async\" width=\"1216\" height=\"800\" src=\"https:\/\/www.xefi.fr\/wp-content\/uploads\/sites\/2\/2025\/07\/sophos-xefi-partenaire-informatique-des-tpe-et-pme.png\" alt=\"\" class=\"wp-image-10339\" style=\"aspect-ratio:4\/3;object-fit:cover\" srcset=\"https:\/\/www.xefi.ch\/wp-content\/uploads\/sites\/7\/2025\/07\/sophos-xefi-partenaire-informatique-des-tpe-et-pme.png 1216w, https:\/\/www.xefi.ch\/wp-content\/uploads\/sites\/7\/2025\/07\/sophos-xefi-partenaire-informatique-des-tpe-et-pme-300x197.png 300w, https:\/\/www.xefi.ch\/wp-content\/uploads\/sites\/7\/2025\/07\/sophos-xefi-partenaire-informatique-des-tpe-et-pme-1024x674.png 1024w, https:\/\/www.xefi.ch\/wp-content\/uploads\/sites\/7\/2025\/07\/sophos-xefi-partenaire-informatique-des-tpe-et-pme-768x505.png 768w\" sizes=\"auto, (max-width: 1216px) 100vw, 1216px\" \/><\/figure>\n<\/div>\n\n\n\n<div class=\"wp-block-column is-layout-flow wp-block-column-is-layout-flow\" style=\"padding-right:0;padding-left:0\">\n<figure class=\"wp-block-image size-full is-resized\" style=\"margin-top:0;margin-bottom:var(--wp--preset--spacing--60)\"><img loading=\"lazy\" decoding=\"async\" width=\"601\" height=\"66\" src=\"https:\/\/www.xefi.fr\/wp-content\/uploads\/sites\/2\/2025\/05\/sophos-xefi-partenaire-informatique-tpe-et-pme.png\" alt=\"\" class=\"wp-image-11956\" style=\"width:182px;height:auto\" srcset=\"https:\/\/www.xefi.ch\/wp-content\/uploads\/sites\/7\/2025\/05\/sophos-xefi-partenaire-informatique-tpe-et-pme.png 601w, https:\/\/www.xefi.ch\/wp-content\/uploads\/sites\/7\/2025\/05\/sophos-xefi-partenaire-informatique-tpe-et-pme-300x33.png 300w\" sizes=\"auto, (max-width: 601px) 100vw, 601px\" \/><\/figure>\n\n\n\n<h3 class=\"wp-block-heading\"><strong>SOPHOS<\/strong><\/h3>\n\n\n\n<p>XEFI hat sich seit vielen Jahren f\u00fcr SOPHOS als Partner f\u00fcr seine Sicherheitsl\u00f6sungen entschieden.<\/p>\n\n\n\n<p>XEFI wurde regelm\u00e4\u00dfig als bester Partner des Jahres ausgezeichnet, sowohl in Frankreich als auch auf europ\u00e4ischer Ebene.<\/p>\n<\/div>\n<\/div>\n<\/div>\n\n\n\n<div class=\"wp-block-group cut-border has-background-background-color has-background is-layout-constrained wp-container-core-group-is-layout-09eead76 wp-block-group-is-layout-constrained\" style=\"margin-bottom:0;padding-right:0;padding-left:0\">\n<div class=\"wp-block-columns is-layout-flex wp-container-core-columns-is-layout-e2f33555 wp-block-columns-is-layout-flex\" style=\"padding-top:var(--wp--preset--spacing--70);padding-right:var(--wp--preset--spacing--70);padding-bottom:var(--wp--preset--spacing--70);padding-left:var(--wp--preset--spacing--70)\">\n<div class=\"wp-block-column is-layout-flow wp-block-column-is-layout-flow\" style=\"padding-right:0;padding-left:0\">\n<figure class=\"wp-block-image size-full is-resized\" style=\"margin-top:0;margin-bottom:var(--wp--preset--spacing--60)\"><img loading=\"lazy\" decoding=\"async\" width=\"111\" height=\"49\" src=\"https:\/\/www.xefi.fr\/wp-content\/uploads\/sites\/2\/2025\/07\/poly-1.png\" alt=\"\" class=\"wp-image-9855\" style=\"width:auto;height:40px\"\/><\/figure>\n\n\n\n<h3 class=\"wp-block-heading\"><strong>HP POLY<\/strong><\/h3>\n\n\n\n<p>Seit 2022 ist Poly eine Tochtergesellschaft von HP Inc. und entwickelt Audio- und Videol\u00f6sungen f\u00fcr die professionelle Zusammenarbeit. <\/p>\n\n\n\n<p>Dank dieser Partnerschaft bietet XEFI ein umfassendes Produktsortiment (Headsets, Videokonferenzsysteme, Telefone) sowie eine kaufm\u00e4nnische und technische Betreuung auf h\u00f6chstem Niveau f\u00fcr s\u00e4mtliche hybride Arbeitsumgebungen an.<\/p>\n<\/div>\n\n\n\n<div class=\"wp-block-column is-layout-flow wp-block-column-is-layout-flow\">\n<figure class=\"wp-block-image size-full cut-border\" style=\"margin-top:0\"><img loading=\"lazy\" decoding=\"async\" width=\"2560\" height=\"1707\" src=\"https:\/\/www.xefi.fr\/wp-content\/uploads\/sites\/2\/2025\/07\/poly-xefi-partenaire-informatique-tpe-pme-scaled.jpg\" alt=\"\" class=\"wp-image-10341\" style=\"aspect-ratio:4\/3;object-fit:cover\" srcset=\"https:\/\/www.xefi.ch\/wp-content\/uploads\/sites\/7\/2025\/07\/poly-xefi-partenaire-informatique-tpe-pme-scaled.jpg 2560w, https:\/\/www.xefi.ch\/wp-content\/uploads\/sites\/7\/2025\/07\/poly-xefi-partenaire-informatique-tpe-pme-300x200.jpg 300w, https:\/\/www.xefi.ch\/wp-content\/uploads\/sites\/7\/2025\/07\/poly-xefi-partenaire-informatique-tpe-pme-1024x683.jpg 1024w, https:\/\/www.xefi.ch\/wp-content\/uploads\/sites\/7\/2025\/07\/poly-xefi-partenaire-informatique-tpe-pme-768x512.jpg 768w, https:\/\/www.xefi.ch\/wp-content\/uploads\/sites\/7\/2025\/07\/poly-xefi-partenaire-informatique-tpe-pme-1536x1024.jpg 1536w, https:\/\/www.xefi.ch\/wp-content\/uploads\/sites\/7\/2025\/07\/poly-xefi-partenaire-informatique-tpe-pme-2048x1365.jpg 2048w\" sizes=\"auto, (max-width: 2560px) 100vw, 2560px\" \/><\/figure>\n<\/div>\n<\/div>\n<\/div>\n\n\n\n<div style=\"height:60px\" aria-hidden=\"true\" class=\"wp-block-spacer\"><\/div>\n<\/div>\n\n<div class=\"wp-block-group alignfull is-layout-constrained wp-container-core-group-is-layout-11c1ca01 wp-block-group-is-layout-constrained has-background\" style=\"padding-right:var(--wp--preset--spacing--50);padding-left:var(--wp--preset--spacing--50);background-image:url(&#039;https:\/\/www.xefi.fr\/wp-content\/uploads\/sites\/2\/2025\/06\/image_certifications_bandeau_contact-scaled.jpg&#039;);background-position:50% 50%;background-size:cover;background-attachment:scroll;\">\n<div class=\"wp-block-columns is-layout-flex wp-container-core-columns-is-layout-28f84493 wp-block-columns-is-layout-flex\">\n<div class=\"wp-block-column is-layout-flow wp-block-column-is-layout-flow\" style=\"padding-top:var(--wp--preset--spacing--50);padding-bottom:var(--wp--preset--spacing--50);flex-basis:33.33%\">\n<h3 class=\"wp-block-heading has-background-color has-text-color has-link-color wp-elements-8ef5741413f52eac01addd81b5dea8c3\">M\u00d6CHTEN SIE MEHR \u00dcBER UNSERE ZERTIFIZIERUNGEN ERFAHREN?<\/h3>\n\n\n\n<div class=\"wp-block-buttons is-layout-flex wp-block-buttons-is-layout-flex\">\n<div class=\"wp-block-button\"><a class=\"wp-block-button__link has-background-background-color has-background wp-element-button\" href=\"https:\/\/www.xefi.ch\/de\/xefi-entdecken\/uber-uns\/kontakt-zur-unternehmensgruppe\/\">Nehmen Sie Kontakt mit uns auf<\/a><\/div>\n<\/div>\n<\/div>\n\n\n\n<div class=\"wp-block-column is-layout-flow wp-block-column-is-layout-flow\" style=\"flex-basis:66.66%\"><\/div>\n<\/div>\n<\/div>\n\n<div class=\"wp-block-group alignfull has-light-background-color has-background is-layout-constrained wp-container-core-group-is-layout-a47e864c wp-block-group-is-layout-constrained\" style=\"padding-top:var(--wp--preset--spacing--80);padding-right:var(--wp--preset--spacing--50);padding-bottom:var(--wp--preset--spacing--80);padding-left:var(--wp--preset--spacing--50)\">\n<h2 class=\"wp-block-heading has-text-align-center\" style=\"margin-bottom:var(--wp--preset--spacing--80)\">Warum sollten Sie sich f\u00fcr <mark class=\"has-inline-color has-primary-color\">XEFI<\/mark> entscheiden?<\/h2>\n\n\n\n<div class=\"wp-block-columns is-layout-flex wp-container-core-columns-is-layout-f5a44f5b wp-block-columns-is-layout-flex\">\n<div class=\"wp-block-column is-vertically-aligned-top is-layout-flow wp-block-column-is-layout-flow\">\n<figure class=\"wp-block-image aligncenter size-full\" style=\"margin-bottom:var(--wp--preset--spacing--50)\"><img decoding=\"async\" src=\"https:\/\/www.xefi.fr\/wp-content\/uploads\/sites\/2\/2025\/05\/icon_proximite.svg\" alt=\"\" class=\"wp-image-675\"\/><\/figure>\n\n\n\n<p class=\"has-text-align-center has-custom-medium-font-size\"><strong>N\u00e4he<\/strong><\/p>\n\n\n\n<p class=\"has-text-align-center\"><mark class=\"has-inline-color has-foreground-color\">5<\/mark> filialen in der Schweiz: zentrale Anlaufstellen, die weniger als 30 Minuten von unseren Kunden entfernt sind<\/p>\n<\/div>\n\n\n\n<div class=\"wp-block-column is-layout-flow wp-block-column-is-layout-flow\">\n<figure class=\"wp-block-image aligncenter size-full\" style=\"margin-bottom:var(--wp--preset--spacing--50)\"><img decoding=\"async\" src=\"https:\/\/www.xefi.fr\/wp-content\/uploads\/sites\/2\/2025\/05\/icon_expertise.svg\" alt=\"\" class=\"wp-image-669\"\/><\/figure>\n\n\n\n<p class=\"has-text-align-center has-custom-medium-font-size\"><strong>Expertise<\/strong><\/p>\n\n\n\n<p class=\"has-text-align-center\">Ein Expertenteam und IT-Dienstleistungen und -L\u00f6sungen speziell f\u00fcr Kleinstunternehmen und KMU<\/p>\n<\/div>\n\n\n\n<div class=\"wp-block-column is-layout-flow wp-block-column-is-layout-flow\">\n<figure class=\"wp-block-image aligncenter size-full\" style=\"margin-bottom:var(--wp--preset--spacing--50)\"><img decoding=\"async\" src=\"https:\/\/www.xefi.fr\/wp-content\/uploads\/sites\/2\/2025\/05\/icon_transparence.svg\" alt=\"\" class=\"wp-image-681\"\/><\/figure>\n\n\n\n<p class=\"has-text-align-center has-custom-medium-font-size\"><strong>Transparenz<\/strong><\/p>\n\n\n\n<p class=\"has-text-align-center\">Komplettl\u00f6sungen ohne versteckte Kosten f\u00fcr vollst\u00e4ndige Transparenz gegen\u00fcber unseren Kunden<\/p>\n<\/div>\n\n\n\n<div class=\"wp-block-column is-layout-flow wp-block-column-is-layout-flow\">\n<figure class=\"wp-block-image aligncenter size-full\" style=\"margin-bottom:var(--wp--preset--spacing--50)\"><img decoding=\"async\" src=\"https:\/\/www.xefi.fr\/wp-content\/uploads\/sites\/2\/2025\/05\/icon_serenite.svg\" alt=\"\" class=\"wp-image-679\"\/><\/figure>\n\n\n\n<p class=\"has-text-align-center has-custom-medium-font-size\"><strong>Serenity<\/strong><\/p>\n\n\n\n<p class=\"has-text-align-center\">Ein vertrauensw\u00fcrdiger Partner, der Ihr IT-System steuert und den reibungslosen Ablauf Ihres Unternehmens gew\u00e4hrleistet<\/p>\n<\/div>\n<\/div>\n<\/div>\n","protected":false},"excerpt":{"rendered":"<p>ERSTKLASSIGE PARTNERSCHAFTEN F\u00dcR EINEN EXZELLENTEN SERVICE Bei XEFI basieren die Leistung und Sicherheit Ihrer IT-Infrastrukturen auf einem soliden Fundament.Unsere technischen Zertifizierungen und Partnerschaften mit weltweit f\u00fchrenden Unternehmen der Branche zeugen von unserem hohen Qualit\u00e4tsanspruch. Dank dieser offiziellen Anerkennungen k\u00f6nnen wir Ihnen zuverl\u00e4ssige, skalierbare und stets innovative L\u00f6sungen anbieten. HP AMPLIFY POWER ELITE XEFI ist seit [&hellip;]<\/p>\n","protected":false},"author":1,"featured_media":13654,"parent":13612,"menu_order":52,"comment_status":"closed","ping_status":"closed","template":"","meta":{"_acf_changed":false,"footnotes":""},"class_list":["post-13649","page","type-page","status-publish","has-post-thumbnail","hentry","page_location-mobiles-menu","page_location-sekundarmenu"],"acf":[],"_links":{"self":[{"href":"https:\/\/www.xefi.ch\/de\/wp-json\/wp\/v2\/pages\/13649","targetHints":{"allow":["GET"]}}],"collection":[{"href":"https:\/\/www.xefi.ch\/de\/wp-json\/wp\/v2\/pages"}],"about":[{"href":"https:\/\/www.xefi.ch\/de\/wp-json\/wp\/v2\/types\/page"}],"author":[{"embeddable":true,"href":"https:\/\/www.xefi.ch\/de\/wp-json\/wp\/v2\/users\/1"}],"replies":[{"embeddable":true,"href":"https:\/\/www.xefi.ch\/de\/wp-json\/wp\/v2\/comments?post=13649"}],"version-history":[{"count":4,"href":"https:\/\/www.xefi.ch\/de\/wp-json\/wp\/v2\/pages\/13649\/revisions"}],"predecessor-version":[{"id":13956,"href":"https:\/\/www.xefi.ch\/de\/wp-json\/wp\/v2\/pages\/13649\/revisions\/13956"}],"up":[{"embeddable":true,"href":"https:\/\/www.xefi.ch\/de\/wp-json\/wp\/v2\/pages\/13612"}],"wp:featuredmedia":[{"embeddable":true,"href":"https:\/\/www.xefi.ch\/de\/wp-json\/wp\/v2\/media\/13654"}],"wp:attachment":[{"href":"https:\/\/www.xefi.ch\/de\/wp-json\/wp\/v2\/media?parent=13649"}],"curies":[{"name":"wp","href":"https:\/\/api.w.org\/{rel}","templated":true}]}}