{"id":13729,"date":"2025-06-24T11:22:11","date_gmt":"2025-06-24T09:22:11","guid":{"rendered":"https:\/\/www.xefi.ch\/xefi-entdecken\/uber-uns\/kontakt-zur-unternehmensgruppe\/"},"modified":"2026-01-12T16:06:44","modified_gmt":"2026-01-12T15:06:44","slug":"kontakt-zur-unternehmensgruppe","status":"publish","type":"page","link":"https:\/\/www.xefi.ch\/de\/xefi-entdecken\/uber-uns\/kontakt-zur-unternehmensgruppe\/","title":{"rendered":"Kontakt zur Unternehmensgruppe"},"content":{"rendered":"\n<div class=\"wp-block-group alignfull is-layout-constrained wp-container-core-group-is-layout-a47e864c wp-block-group-is-layout-constrained\" style=\"padding-top:var(--wp--preset--spacing--80);padding-right:var(--wp--preset--spacing--50);padding-bottom:var(--wp--preset--spacing--80);padding-left:var(--wp--preset--spacing--50)\"><nav class=\"manitoba-intern-menu manitoba-intern-menu-cols-3 manitoba-intern-menu--hover-width wp-block-manitoba-page-location-intern-menu\" aria-label=\"Menu interne\">\n  <ul class=\"manitoba-intern-menu-grid\">\n            <li class=\"manitoba-intern-menu-grid-item\">\n                  <a href=\"https:\/\/www.xefi.ch\/fr\/decouvrir-xefi\/a-propos-de-nous\/ouvrir-une-franchise-xefi\/\" class=\"manitoba-intern-menu-item has-description\"\n         aria-labelledby=\"menu-title-0\"\n         aria-describedby=\"menu-desc-0\">\n                  <div class=\"manitoba-intern-menu-item-background\" style=\"background-image: url(https:\/\/www.xefi.fr\/wp-content\/uploads\/sites\/2\/2025\/07\/contacter-le-groupe-ouvrir-franchise-xefi-partenaire-informatique-des-tpe-pme-scaled.jpg);\" aria-hidden=\"true\"><\/div>\n          <div class=\"manitoba-intern-menu-item-overlay\">\n            <div class=\"manitoba-intern-menu-item-title-container\">\n              <h3 id=\"menu-title-0\" class=\"manitoba-intern-menu-item-title\">\n                <strong>Sie m\u00f6chten Franchise-Partner von XEFI werden?<\/strong><\/h3>\n            <\/div>\n                        <div class=\"manitoba-intern-menu-item-description-container\">\n              <p id=\"menu-desc-0\" class=\"manitoba-intern-menu-item-description\">\n                Entscheiden Sie sich f\u00fcr Spitzenleistung und werden Sie Teil unseres Netzwerks!               <\/p>\n            <\/div>\n                      <\/div>\n                <\/a>\n          <\/li>\n        <li class=\"manitoba-intern-menu-grid-item\">\n                  <a href=\"#contact-store\" class=\"manitoba-intern-menu-item has-description\"\n         aria-labelledby=\"menu-title-1\"\n         aria-describedby=\"menu-desc-1\">\n                  <div class=\"manitoba-intern-menu-item-background\" style=\"background-image: url(https:\/\/www.xefi.ch\/wp-content\/uploads\/sites\/7\/2025\/07\/contacter-le-groupe-demande-de-devis-xefi-partenaire-informatique-des-tpe-et-pme.png);\" aria-hidden=\"true\"><\/div>\n          <div class=\"manitoba-intern-menu-item-overlay\">\n            <div class=\"manitoba-intern-menu-item-title-container\">\n              <h3 id=\"menu-title-1\" class=\"manitoba-intern-menu-item-title\">\n                <strong><strong>Sie m\u00f6chten ein Angebot anfordern?<\/strong><\/strong><\/h3>\n            <\/div>\n                        <div class=\"manitoba-intern-menu-item-description-container\">\n              <p id=\"menu-desc-1\" class=\"manitoba-intern-menu-item-description\">\n                Kontaktieren Sie uns \u2013 wir werden uns schnellstm\u00f6glich mit Ihnen in Verbindung setzen.              <\/p>\n            <\/div>\n                      <\/div>\n                <\/a>\n          <\/li>\n        <li class=\"manitoba-intern-menu-grid-item\">\n                  <a href=\"https:\/\/carriere.xefi.fr\/\" class=\"manitoba-intern-menu-item has-description\" target=\"_blank\" rel=\"noopener noreferrer\" aria-labelledby=\"menu-title-2\" aria-describedby=\"menu-desc-2\">\n                  <div class=\"manitoba-intern-menu-item-background\" style=\"background-image: url(https:\/\/www.xefi.fr\/wp-content\/uploads\/sites\/2\/2025\/07\/contacter-le-groupe-carriere-travailler-chez-xefi-partenaire-informatique-des-tpe-pme-vf.png);\" aria-hidden=\"true\"><\/div>\n          <div class=\"manitoba-intern-menu-item-overlay\">\n            <div class=\"manitoba-intern-menu-item-title-container\">\n              <h3 id=\"menu-title-2\" class=\"manitoba-intern-menu-item-title\">\n                <strong>Sie m\u00f6chten Teil der XEFI-Unternehmensgruppe werden?<\/strong><\/h3>\n            <\/div>\n                        <div class=\"manitoba-intern-menu-item-description-container\">\n              <p id=\"menu-desc-2\" class=\"manitoba-intern-menu-item-description\">\n                Werden Sie Teil eines ambitionierten Unternehmens, das von Teamgeist gepr\u00e4gt ist!              <\/p>\n            <\/div>\n                      <\/div>\n                <\/a>\n          <\/li>\n          <\/ul>\n<\/nav>\n<\/div>\n\n<div class=\"wp-block-group has-light-background-color has-background is-layout-constrained wp-container-core-group-is-layout-a47e864c wp-block-group-is-layout-constrained\" style=\"padding-top:var(--wp--preset--spacing--80);padding-right:var(--wp--preset--spacing--50);padding-bottom:var(--wp--preset--spacing--80);padding-left:var(--wp--preset--spacing--50)\">\n<h2 class=\"wp-block-heading has-text-align-center\">HABEN SIE WEITERE FRAGEN?<mark class=\"has-inline-color has-primary-color\"> KONTAKTIEREN SIE UNS!<\/mark><\/h2>\n\n\n\n<p class=\"has-text-align-center\" style=\"margin-bottom:var(--wp--preset--spacing--80)\">Unser Team steht Ihnen gerne zur Verf\u00fcgung, um s\u00e4mtliche Ihrer Anfragen zu beantworten. <strong>Bitte f\u00fcllen Sie das untenstehende Formular aus \u2013 wir werden uns zeitnah mit Ihnen in Verbindung setzen.<\/strong><\/p>\n\n\n\n<div class=\"wp-block-group is-layout-constrained wp-container-core-group-is-layout-bea02a06 wp-block-group-is-layout-constrained\">\n<div class=\"wp-block-contact-form-7-contact-form-selector\">\n<div class=\"wpcf7 no-js\" id=\"wpcf7-f14299-o1\" lang=\"de-CH\" dir=\"ltr\" data-wpcf7-id=\"14299\">\n<div class=\"screen-reader-response\"><p role=\"status\" aria-live=\"polite\" aria-atomic=\"true\"><\/p> <ul><\/ul><\/div>\n<form action=\"\/de\/wp-json\/wp\/v2\/pages\/13729#wpcf7-f14299-o1\" method=\"post\" class=\"wpcf7-form init\" aria-label=\"Contact form\" novalidate=\"novalidate\" data-status=\"init\">\n<div style=\"display: none;\">\n<input type=\"hidden\" name=\"_wpcf7\" value=\"14299\" \/>\n<input type=\"hidden\" name=\"_wpcf7_version\" value=\"6.0.6\" \/>\n<input type=\"hidden\" name=\"_wpcf7_locale\" value=\"de_CH\" \/>\n<input type=\"hidden\" name=\"_wpcf7_unit_tag\" value=\"wpcf7-f14299-o1\" \/>\n<input type=\"hidden\" name=\"_wpcf7_container_post\" value=\"0\" \/>\n<input type=\"hidden\" name=\"_wpcf7_posted_data_hash\" value=\"\" \/>\n<input type=\"hidden\" name=\"_wpcf7_recaptcha_response\" value=\"\" \/>\n<\/div>\n<div class=\"form-wrapper\">\n\t<div class=\"form-field field-w70\">\n\t\t<p><label>Ihre Anfrage betrifft*<\/label><br \/>\n<span class=\"wpcf7-form-control-wrap\" data-name=\"select-request\"><select class=\"wpcf7-form-control wpcf7-select wpcf7-validates-as-required\" aria-required=\"true\" aria-invalid=\"false\" name=\"select-request\"><option value=\"\">Option ausw\u00e4hlen<\/option><option value=\"Sponsoring \/ M\u00e4zenatentum\">Sponsoring \/ M\u00e4zenatentum<\/option><option value=\"Dienstleistungsangebot \/ Partnerschaft\">Dienstleistungsangebot \/ Partnerschaft<\/option><option value=\"Presse\">Presse<\/option><option value=\"Praktikumsanfrage\">Praktikumsanfrage<\/option><\/select><\/span>\n\t\t<\/p>\n\t<\/div>\n\t<div class=\"form-field field-w50\">\n\t\t<p><label>Unternehmen<\/label>\n\t\t<\/p>\n\t\t<p><span class=\"wpcf7-form-control-wrap\" data-name=\"input-company\"><input size=\"40\" maxlength=\"400\" class=\"wpcf7-form-control wpcf7-text\" aria-invalid=\"false\" placeholder=\"Bsp.: XEFI\" value=\"\" type=\"text\" name=\"input-company\" \/><\/span>\n\t\t<\/p>\n\t<\/div>\n\t<div class=\"form-field field-w30\">\n\t\t<p><label>Postleitzahl*<\/label>\n\t\t<\/p>\n\t\t<p><span class=\"wpcf7-form-control-wrap\" data-name=\"input-postalcode\"><input size=\"40\" maxlength=\"400\" class=\"wpcf7-form-control wpcf7-text wpcf7-validates-as-required\" aria-required=\"true\" aria-invalid=\"false\" placeholder=\"Bsp.: 8000\" value=\"\" type=\"text\" name=\"input-postalcode\" \/><\/span>\n\t\t<\/p>\n\t<\/div>\n\t<div class=\"form-field field-w30\">\n\t\t<p><label>Nachname*<\/label><br \/>\n<span class=\"wpcf7-form-control-wrap\" data-name=\"input-lastname\"><input size=\"40\" maxlength=\"400\" class=\"wpcf7-form-control wpcf7-text wpcf7-validates-as-required\" aria-required=\"true\" aria-invalid=\"false\" placeholder=\"Bsp.: Dupont\" value=\"\" type=\"text\" name=\"input-lastname\" \/><\/span>\n\t\t<\/p>\n\t<\/div>\n\t<div class=\"form-field field-w30\">\n\t\t<p><label>Vorname*<\/label><br \/>\n<span class=\"wpcf7-form-control-wrap\" data-name=\"input-firstname\"><input size=\"40\" maxlength=\"400\" class=\"wpcf7-form-control wpcf7-text wpcf7-validates-as-required\" aria-required=\"true\" aria-invalid=\"false\" placeholder=\"Bsp.: Nicolas\" value=\"\" type=\"text\" name=\"input-firstname\" \/><\/span>\n\t\t<\/p>\n\t<\/div>\n\t<div class=\"form-field field-w50\">\n\t\t<p><label>E-mail*<\/label><br \/>\n<span class=\"wpcf7-form-control-wrap\" data-name=\"input-email\"><input size=\"40\" maxlength=\"400\" class=\"wpcf7-form-control wpcf7-email wpcf7-validates-as-required wpcf7-text wpcf7-validates-as-email\" aria-required=\"true\" aria-invalid=\"false\" placeholder=\"Bsp.: votreadresse@email.ch\" value=\"\" type=\"email\" name=\"input-email\" \/><\/span>\n\t\t<\/p>\n\t<\/div>\n\t<div class=\"form-field field-w30\">\n\t\t<p><label>Telefonnummer*<\/label><br \/>\n<span class=\"wpcf7-form-control-wrap\" data-name=\"input-phone\"><input size=\"40\" maxlength=\"400\" class=\"wpcf7-form-control wpcf7-tel wpcf7-validates-as-required wpcf7-text wpcf7-validates-as-tel\" aria-required=\"true\" aria-invalid=\"false\" placeholder=\"Bsp.: 079 000 00 00\" value=\"\" type=\"tel\" name=\"input-phone\" \/><\/span>\n\t\t<\/p>\n\t<\/div>\n\t<div class=\"form-field field-w100\">\n\t\t<p><label>Ihre Nachricht*<\/label><br \/>\n<span class=\"wpcf7-form-control-wrap\" data-name=\"textarea-message\"><textarea cols=\"40\" rows=\"10\" maxlength=\"2000\" class=\"wpcf7-form-control wpcf7-textarea wpcf7-validates-as-required\" aria-required=\"true\" aria-invalid=\"false\" placeholder=\"Bsp.: Ich suche eine Beratung zu...\" name=\"textarea-message\"><\/textarea><\/span>\n\t\t<\/p>\n\t<\/div>\n<\/div>\n<p><span class=\"wpcf7-form-control-wrap\" data-name=\"input-acceptance\"><span class=\"wpcf7-form-control wpcf7-acceptance\"><span class=\"wpcf7-list-item\"><label><input type=\"checkbox\" name=\"input-acceptance\" value=\"1\" aria-invalid=\"false\" \/><span class=\"wpcf7-list-item-label\">Mit dem Absenden dieses Formulars erkl\u00e4re ich mich damit einverstanden, dass XEFI meine personenbezogenen Daten (Name, E-Mail, Telefon\u2026) verarbeitet, um mich zwecks Beantwortung meiner Anfrage und Unterbreitung von Produkt- und Dienstleistungsangeboten zu kontaktieren. Gem\u00e4\u00df dem Bundesgesetz \u00fcber den Datenschutz (nDSG) habe ich insbesondere das Recht auf Auskunft, Berichtigung, L\u00f6schung und Widerspruch, das ich \u00fcber dpo.suisse@xefi.fr oder durch Kontaktaufnahme mit dem Eidgen\u00f6ssischen Datenschutz- und \u00d6ffentlichkeitsbeauftragten (www.edoeb.admin.ch) aus\u00fcben kann.<\/span><\/label><\/span><\/span><\/span>\n<\/p>\n<p><small>Weitere Informationen zur Verwaltung Ihrer Daten und zu Ihren Rechten finden Sie in unserer <a href=\"\/de\/datenschutzerklaerung-cookies\/\">Datenschutzerkl\u00e4rung<\/a>.<\/small>\n<\/p>\n<p><small>*pflichtfelder<\/small>\n<\/p>\n<p><button type=\"submit\">Anfrage absenden<\/button>\n<\/p><div class=\"wpcf7-response-output\" aria-hidden=\"true\"><\/div>\n<\/form>\n<\/div>\n<\/div>\n<\/div>\n<\/div>\n\n<p><\/p>\n","protected":false},"excerpt":{"rendered":"<p>HABEN SIE WEITERE FRAGEN? KONTAKTIEREN SIE UNS! Unser Team steht Ihnen gerne zur Verf\u00fcgung, um s\u00e4mtliche Ihrer Anfragen zu beantworten. Bitte f\u00fcllen Sie das untenstehende Formular aus \u2013 wir werden uns zeitnah mit Ihnen in Verbindung setzen.<\/p>\n","protected":false},"author":1,"featured_media":0,"parent":13612,"menu_order":57,"comment_status":"closed","ping_status":"closed","template":"","meta":{"_acf_changed":false,"footnotes":""},"class_list":["post-13729","page","type-page","status-publish","hentry","page_location-kontaktseite","page_location-mobiles-menu","page_location-sekundarmenu"],"acf":[],"_links":{"self":[{"href":"https:\/\/www.xefi.ch\/de\/wp-json\/wp\/v2\/pages\/13729","targetHints":{"allow":["GET"]}}],"collection":[{"href":"https:\/\/www.xefi.ch\/de\/wp-json\/wp\/v2\/pages"}],"about":[{"href":"https:\/\/www.xefi.ch\/de\/wp-json\/wp\/v2\/types\/page"}],"author":[{"embeddable":true,"href":"https:\/\/www.xefi.ch\/de\/wp-json\/wp\/v2\/users\/1"}],"replies":[{"embeddable":true,"href":"https:\/\/www.xefi.ch\/de\/wp-json\/wp\/v2\/comments?post=13729"}],"version-history":[{"count":4,"href":"https:\/\/www.xefi.ch\/de\/wp-json\/wp\/v2\/pages\/13729\/revisions"}],"predecessor-version":[{"id":13964,"href":"https:\/\/www.xefi.ch\/de\/wp-json\/wp\/v2\/pages\/13729\/revisions\/13964"}],"up":[{"embeddable":true,"href":"https:\/\/www.xefi.ch\/de\/wp-json\/wp\/v2\/pages\/13612"}],"wp:attachment":[{"href":"https:\/\/www.xefi.ch\/de\/wp-json\/wp\/v2\/media?parent=13729"}],"curies":[{"name":"wp","href":"https:\/\/api.w.org\/{rel}","templated":true}]}}