{"id":13740,"date":"2025-05-05T11:21:41","date_gmt":"2025-05-05T09:21:41","guid":{"rendered":"https:\/\/www.xefi.ch\/finden-sie-ihren-xefi-standort-in-der-schweiz\/"},"modified":"2026-01-12T16:06:49","modified_gmt":"2026-01-12T15:06:49","slug":"finden-sie-ihren-xefi-standort-in-der-schweiz","status":"publish","type":"page","link":"https:\/\/www.xefi.ch\/de\/finden-sie-ihren-xefi-standort-in-der-schweiz\/","title":{"rendered":"Finden Sie Ihren XEFI-Standort in der Schweiz"},"content":{"rendered":"\n<div class=\"wp-block-group alignfull is-layout-constrained wp-container-core-group-is-layout-a47e864c wp-block-group-is-layout-constrained\" style=\"padding-top:var(--wp--preset--spacing--80);padding-right:var(--wp--preset--spacing--50);padding-bottom:var(--wp--preset--spacing--80);padding-left:var(--wp--preset--spacing--50)\">\n<h2 class=\"wp-block-heading has-text-align-center\">Ihre kundennahe <mark class=\"has-inline-color has-primary-color\">XEFI-Gesch\u00e4ftsstelle<\/mark> in der Schweiz<\/h2>\n\n\n\n<p class=\"has-text-align-center has-custom-medium-font-size\" style=\"margin-bottom:var(--wp--preset--spacing--80)\"><strong>Finden Sie schnell die XEFI-Gesch\u00e4ftsstelle in Ihrer N\u00e4he, indem Sie die Standort-Ortung nutzen oder Ihre Postleitzahl oder Stadt eingeben.<\/strong><\/p>\n\n\n    <script>\n        window.__ACTIVE_STORE__ = null;\n        window.__DEFAULT_STORES_LIST__ = [{\"id\":12168,\"name\":\"XEFI Gen\\u00e8ve Eaux-Vives\",\"distance\":\"\",\"currentHours\":[\"08:00-12:00\",\"14:00-18:00\"],\"isOpen\":false,\"street\":\"Chemin Bizot 4\",\"postalcode\":\"1208\",\"city\":\"Gen\\u00e8ve\",\"phones\":[\"+41 22 735 34 00\",\"022 735 34 00\"],\"url\":\"https:\\\/\\\/www.xefi.ch\\\/de\\\/agence\\\/xefi-geneve-eaux-vives\\\/\",\"latLng\":{\"lat\":46.193962,\"lng\":6.166333}},{\"id\":15255,\"name\":\"XEFI Gen\\u00e8ve Rive Gauche\",\"distance\":\"\",\"currentHours\":[\"08:30-12:00\",\"13:30-18:00\"],\"isOpen\":false,\"street\":\"Route de Thonon 152 A\",\"postalcode\":\"1222\",\"city\":\"Gen\\u00e8ve\",\"phones\":[\"+41 22 566 12 34\",\"geneve-rive-gauche@xefi.ch\"],\"url\":\"https:\\\/\\\/www.xefi.ch\\\/de\\\/agence\\\/xefi-geneve-rive-gauche\\\/\",\"latLng\":{\"lat\":46.2470754,\"lng\":6.215467}},{\"id\":12171,\"name\":\"XEFI Lausanne Ouest\",\"distance\":\"\",\"currentHours\":[\"08:00-12:00\",\"13:30-18:00\"],\"isOpen\":false,\"street\":\"Rue du Ch\\u00eane 15\",\"postalcode\":\"1020\",\"city\":\"Renens\",\"phones\":[\"+41 21 625 00 00\",\"021 625 00 00\"],\"url\":\"https:\\\/\\\/www.xefi.ch\\\/de\\\/agence\\\/xefi-lausanne-ouest\\\/\",\"latLng\":{\"lat\":46.5290328,\"lng\":6.5928831}},{\"id\":12183,\"name\":\"XEFI Neuch\\u00e2tel\",\"distance\":\"\",\"currentHours\":[\"08:00-12:00\",\"13:30-18:00\"],\"isOpen\":false,\"street\":\"Rue de la Charri\\u00e8re 80\",\"postalcode\":\"2300\",\"city\":\"La Chaux-de-Fonds\",\"phones\":[\"+41 32 967 88 66\",\"032 967 88 66\"],\"url\":\"https:\\\/\\\/www.xefi.ch\\\/de\\\/agence\\\/xefi-neuchatel\\\/\",\"latLng\":{\"lat\":47.112712,\"lng\":6.837082}},{\"id\":12186,\"name\":\"XEFI Valais Central\",\"distance\":\"\",\"currentHours\":[\"08:00-12:00\",\"13:30-17:30\"],\"isOpen\":false,\"street\":\"Route du Simplon 27A\",\"postalcode\":\"3960\",\"city\":\"Sierre\",\"phones\":[\"+41 27 480 10 52\",\"027 480 10 52\"],\"url\":\"https:\\\/\\\/www.xefi.ch\\\/de\\\/agence\\\/xefi-valais-central\\\/\",\"latLng\":{\"lat\":46.2967888,\"lng\":7.5411811}}];\n    <\/script>\n    <div class=\"manitoba-stores-map wp-block-manitoba-stores-stores-map\"        data-googlemaps-apikey=\"AIzaSyDsaYpxvzCYXCWrBnqT08gCH-zSx9JcPIo\"\n        data-default-latlng=\"46.8011,8.2267\"\n        data-default-zoom=\"7\"\n        data-marker-url=\"\/wp-content\/themes\/xefi-theme\/medias\/icon_marker.svg\"\n        data-active-marker-url=\"\/wp-content\/themes\/xefi-theme\/medias\/icon_active_marker.svg\"\n        data-countries=\"CH\">\n        <div class=\"map-container\">\n            <iframe loading=\"lazy\" class=\"map-frame\" width=\"100%\" height=\"600\" frameborder=\"0\" scrolling=\"no\" marginheight=\"0\" marginwidth=\"0\" src=\"https:\/\/maps.google.com\/maps?width=100%25&amp;height=600&amp;hl=en&amp;q=manitoba%20montrouge+(My%20Business%20Name)&amp;t=&amp;z=14&amp;ie=UTF8&amp;iwloc=B&amp;output=embed\"><\/iframe>\n        <\/div>\n    <\/div>\n<\/div>\n\n<div class=\"wp-block-group alignfull is-layout-constrained wp-container-core-group-is-layout-a47e864c wp-block-group-is-layout-constrained\" style=\"padding-top:var(--wp--preset--spacing--80);padding-right:var(--wp--preset--spacing--50);padding-bottom:var(--wp--preset--spacing--80);padding-left:var(--wp--preset--spacing--50)\">\n<h2 class=\"wp-block-heading has-text-align-center\" style=\"margin-bottom:var(--wp--preset--spacing--80)\">Alle <mark class=\"has-inline-color has-primary-color\">unsere Standorte<\/mark> in der Schweiz<\/h2>\n\n\n\n<div class=\"wp-block-columns is-layout-flex wp-container-core-columns-is-layout-643ced6b wp-block-columns-is-layout-flex\">\n<div class=\"wp-block-column is-layout-flow wp-block-column-is-layout-flow\" style=\"flex-basis:33.33%\">\n<div class=\"wp-block-group has-light-background-color has-background is-layout-constrained wp-container-core-group-is-layout-ae744a23 wp-block-group-is-layout-constrained\" style=\"padding-top:var(--wp--preset--spacing--70);padding-right:var(--wp--preset--spacing--70);padding-bottom:var(--wp--preset--spacing--70);padding-left:var(--wp--preset--spacing--70)\">\n<p><strong>Unsere kundennahen XEFI-Gesch\u00e4ftsstellen sind in der Schweiz pr\u00e4sent, um eine optimale Betreuung direkt vor Ort zu gew\u00e4hrleisten.<\/strong><\/p>\n\n\n\n<p>Entdecken Sie unsere regionalen Standorte sowie deren Kontaktdaten und \u00d6ffnungszeiten. <\/p>\n<\/div>\n<\/div>\n\n\n\n<div class=\"wp-block-column is-layout-flow wp-block-column-is-layout-flow\" style=\"flex-basis:66.66%\">    <div class=\"manitoba-stores-list wp-block-manitoba-stores-stores-list\">\n                    <div class=\"stores-country\">\n                                                                            <section class=\"region\">\n                            <div class=\"region-stores\">\n                                <ul class=\"stores\">\n                                                                            <li class=\"stores-item\">\n                                            <a href=\"https:\/\/www.xefi.ch\/de\/agence\/xefi-geneve-eaux-vives\/\" class=\"store\">XEFI Gen\u00e8ve Eaux-Vives<\/a>\n                                        <\/li>\n                                                                            <li class=\"stores-item\">\n                                            <a href=\"https:\/\/www.xefi.ch\/de\/agence\/xefi-geneve-rive-gauche\/\" class=\"store\">XEFI Gen\u00e8ve Rive Gauche<\/a>\n                                        <\/li>\n                                                                            <li class=\"stores-item\">\n                                            <a href=\"https:\/\/www.xefi.ch\/de\/agence\/xefi-lausanne-ouest\/\" class=\"store\">XEFI Lausanne Ouest<\/a>\n                                        <\/li>\n                                                                            <li class=\"stores-item\">\n                                            <a href=\"https:\/\/www.xefi.ch\/de\/agence\/xefi-neuchatel\/\" class=\"store\">XEFI Neuch\u00e2tel<\/a>\n                                        <\/li>\n                                                                            <li class=\"stores-item\">\n                                            <a href=\"https:\/\/www.xefi.ch\/de\/agence\/xefi-valais-central\/\" class=\"store\">XEFI Valais Central<\/a>\n                                        <\/li>\n                                                                    <\/ul>\n                            <\/div>\n                        <\/section>\n                                                <\/div>\n            <\/div>\n<\/div>\n<\/div>\n<\/div>\n\n<div class=\"wp-block-group alignfull has-light-background-color has-background is-layout-constrained wp-container-core-group-is-layout-a47e864c wp-block-group-is-layout-constrained\" style=\"padding-top:var(--wp--preset--spacing--80);padding-right:var(--wp--preset--spacing--50);padding-bottom:var(--wp--preset--spacing--80);padding-left:var(--wp--preset--spacing--50)\">\n<h2 class=\"wp-block-heading has-text-align-center\" style=\"margin-bottom:var(--wp--preset--spacing--80)\">Warum sollten Sie sich f\u00fcr <mark class=\"has-inline-color has-primary-color\">XEFI<\/mark> entscheiden?<\/h2>\n\n\n\n<div class=\"wp-block-columns is-layout-flex wp-container-core-columns-is-layout-f5a44f5b wp-block-columns-is-layout-flex\">\n<div class=\"wp-block-column is-vertically-aligned-top is-layout-flow wp-block-column-is-layout-flow\">\n<figure class=\"wp-block-image aligncenter size-full\" style=\"margin-bottom:var(--wp--preset--spacing--50)\"><img decoding=\"async\" src=\"https:\/\/www.xefi.fr\/wp-content\/uploads\/sites\/2\/2025\/05\/icon_proximite.svg\" alt=\"\" class=\"wp-image-431\"\/><\/figure>\n\n\n\n<p class=\"has-text-align-center has-custom-medium-font-size\"><strong>N\u00e4he<\/strong><\/p>\n\n\n\n<p class=\"has-text-align-center\">5 filialen in der Schweiz: zentrale Anlaufstellen, die weniger als 30 Minuten von unseren Kunden entfernt sind<\/p>\n<\/div>\n\n\n\n<div class=\"wp-block-column is-layout-flow wp-block-column-is-layout-flow\">\n<figure class=\"wp-block-image aligncenter size-full\" style=\"margin-bottom:var(--wp--preset--spacing--50)\"><img decoding=\"async\" src=\"https:\/\/www.xefi.fr\/wp-content\/uploads\/sites\/2\/2025\/05\/icon_expertise.svg\" alt=\"\" class=\"wp-image-429\"\/><\/figure>\n\n\n\n<p class=\"has-text-align-center has-custom-medium-font-size\"><strong>Expertise<\/strong><\/p>\n\n\n\n<p class=\"has-text-align-center\">Ein Expertenteam und IT-Dienstleistungen und -L\u00f6sungen speziell f\u00fcr Kleinstunternehmen und KMU<\/p>\n<\/div>\n\n\n\n<div class=\"wp-block-column is-layout-flow wp-block-column-is-layout-flow\">\n<figure class=\"wp-block-image aligncenter size-full\" style=\"margin-bottom:var(--wp--preset--spacing--50)\"><img decoding=\"async\" src=\"https:\/\/www.xefi.fr\/wp-content\/uploads\/sites\/2\/2025\/05\/icon_transparence.svg\" alt=\"\" class=\"wp-image-435\"\/><\/figure>\n\n\n\n<p class=\"has-text-align-center has-custom-medium-font-size\"><strong>Transparenz<\/strong><\/p>\n\n\n\n<p class=\"has-text-align-center\">Komplettl\u00f6sungen ohne versteckte Kosten f\u00fcr vollst\u00e4ndige Transparenz gegen\u00fcber unseren Kunden<\/p>\n<\/div>\n\n\n\n<div class=\"wp-block-column is-layout-flow wp-block-column-is-layout-flow\">\n<figure class=\"wp-block-image aligncenter size-full\" style=\"margin-bottom:var(--wp--preset--spacing--50)\"><img decoding=\"async\" src=\"https:\/\/www.xefi.fr\/wp-content\/uploads\/sites\/2\/2025\/05\/icon_serenite.svg\" alt=\"\" class=\"wp-image-433\"\/><\/figure>\n\n\n\n<p class=\"has-text-align-center has-custom-medium-font-size\"><strong>Serenity<\/strong><\/p>\n\n\n\n<p class=\"has-text-align-center\">Ein vertrauensw\u00fcrdiger Partner, der Ihr IT-System steuert und den reibungslosen Ablauf Ihres Unternehmens gew\u00e4hrleistet<\/p>\n<\/div>\n<\/div>\n<\/div>\n","protected":false},"excerpt":{"rendered":"<p>Ihre kundennahe XEFI-Gesch\u00e4ftsstelle in der Schweiz Finden Sie schnell die XEFI-Gesch\u00e4ftsstelle in Ihrer N\u00e4he, indem Sie die Standort-Ortung nutzen oder Ihre Postleitzahl oder Stadt eingeben. Alle unsere Standorte in der Schweiz Unsere kundennahen XEFI-Gesch\u00e4ftsstellen sind in der Schweiz pr\u00e4sent, um eine optimale Betreuung direkt vor Ort zu gew\u00e4hrleisten. Entdecken Sie unsere regionalen Standorte sowie deren [&hellip;]<\/p>\n","protected":false},"author":1,"featured_media":12787,"parent":0,"menu_order":58,"comment_status":"closed","ping_status":"closed","template":"","meta":{"_acf_changed":false,"footnotes":""},"class_list":["post-13740","page","type-page","status-publish","has-post-thumbnail","hentry"],"acf":[],"_links":{"self":[{"href":"https:\/\/www.xefi.ch\/de\/wp-json\/wp\/v2\/pages\/13740","targetHints":{"allow":["GET"]}}],"collection":[{"href":"https:\/\/www.xefi.ch\/de\/wp-json\/wp\/v2\/pages"}],"about":[{"href":"https:\/\/www.xefi.ch\/de\/wp-json\/wp\/v2\/types\/page"}],"author":[{"embeddable":true,"href":"https:\/\/www.xefi.ch\/de\/wp-json\/wp\/v2\/users\/1"}],"replies":[{"embeddable":true,"href":"https:\/\/www.xefi.ch\/de\/wp-json\/wp\/v2\/comments?post=13740"}],"version-history":[{"count":4,"href":"https:\/\/www.xefi.ch\/de\/wp-json\/wp\/v2\/pages\/13740\/revisions"}],"predecessor-version":[{"id":13966,"href":"https:\/\/www.xefi.ch\/de\/wp-json\/wp\/v2\/pages\/13740\/revisions\/13966"}],"wp:featuredmedia":[{"embeddable":true,"href":"https:\/\/www.xefi.ch\/de\/wp-json\/wp\/v2\/media\/12787"}],"wp:attachment":[{"href":"https:\/\/www.xefi.ch\/de\/wp-json\/wp\/v2\/media?parent=13740"}],"curies":[{"name":"wp","href":"https:\/\/api.w.org\/{rel}","templated":true}]}}