{"id":13898,"date":"2025-05-07T11:48:01","date_gmt":"2025-05-07T09:48:01","guid":{"rendered":"https:\/\/www.xefi.ch\/?page_id=13898"},"modified":"2026-01-22T11:34:26","modified_gmt":"2026-01-22T10:34:26","slug":"impressum","status":"publish","type":"page","link":"https:\/\/www.xefi.ch\/de\/impressum\/","title":{"rendered":"Impressum"},"content":{"rendered":"\n<div class=\"wp-block-group alignfull is-layout-constrained wp-container-core-group-is-layout-a47e864c wp-block-group-is-layout-constrained\" style=\"padding-top:var(--wp--preset--spacing--80);padding-right:var(--wp--preset--spacing--50);padding-bottom:var(--wp--preset--spacing--80);padding-left:var(--wp--preset--spacing--50)\">\n<div class=\"wp-block-group is-layout-constrained wp-container-core-group-is-layout-bea02a06 wp-block-group-is-layout-constrained\">\n<h2 class=\"wp-block-heading\"><strong>Herausgeber\u00a0:<\/strong><\/h2>\n\n\n\n<p>Die Website www.xefi.com (nachfolgend die \u201eWebsite\u201c), die Sie derzeit besuchen,<br>ist Eigentum von:<br>der vereinfachten Aktiengesellschaft HOLDING GALAXITY;<br>mit einem Stammkapital von 736.340 Euro;<br>mit Sitz in 2507 Avenue de l\u2019Europe, 69140 Rillieux-la-Pape, Frankreich;<br>eingetragen im Handelsregister von Lyon unter der Nummer RCS 433 902 640;<br>Umsatzsteuer-Identifikationsnummer: FR39433902640<br>Telefon: +33 47 283 75 75<br>E-Mail-Adresse: contact@xefi.fr<br>(nachfolgend die \u201eGesellschaft\u201c).<\/p>\n\n\n\n<h2 class=\"wp-block-heading\"><strong>Verantwortlicher f\u00fcr die Ver\u00f6ffentlichung\u00a0:<\/strong><\/h2>\n\n\n\n<p>Herr Pierre Guillermet<\/p>\n\n\n\n<h2 class=\"wp-block-heading\"><strong>Hosting<\/strong> : <\/h2>\n\n\n\n<p>Die Website wird gehostet von:<br>der vereinfachten Aktiengesellschaft NEXEREN (RCS 753 351 709);<br>mit Sitz in 2507 Avenue de l\u2019Europe, 69140 Rillieux-la-Pape, Frankreich;<br>Telefon: +33 47 283 75 75<\/p>\n\n\n\n<h2 class=\"wp-block-heading\"><strong>Geistiges Eigentum<\/strong><\/h2>\n\n\n\n<p>Der Nutzer wird dar\u00fcber informiert, dass die auf der Website dargestellten<br>Fotografien nicht verbindlich sind.<br>Die auf der Website dargestellten Texte, Logos, Fotografien, Bilder und Illustrationen<br>sind ausschlie\u00dfliches Eigentum der Gesellschaft und\/oder frei von Rechten Dritter.<br>Die Nutzung der Website verleiht dem Nutzer keinerlei Eigentumsrechte an diesen<br>Elementen.<br>Folglich stellt jede vollst\u00e4ndige oder teilweise Vervielf\u00e4ltigung, Darstellung, Nutzung<br>oder Anpassung eines oder mehrerer dieser Elemente \u2013 unabh\u00e4ngig von der Form \u2013<br>eine Verletzung der Rechte des geistigen Eigentums dar und ist nach dem Gesetz<br>\u00fcber das geistige Eigentum strafbar.<br>Alle Wort- oder Bildmarken sowie sonstige Kennzeichen der Gesellschaft, die auf der<br>Website erscheinen, unabh\u00e4ngig davon, ob sie eingetragen sind oder nicht, sind und<br>bleiben ausschlie\u00dfliches Eigentum der Gesellschaft.<br>Jede vollst\u00e4ndige oder teilweise Vervielf\u00e4ltigung, \u00c4nderung oder Nutzung dieser<br>Marken und\/oder Kennzeichen, gleich aus welchem Grund und auf welchem<br>Medium, ohne vorherige ausdr\u00fcckliche Zustimmung der Gesellschaft ist strengstens<br>untersagt.<\/p>\n\n\n\n<p>Dies gilt ebenso f\u00fcr jede Kombination oder Verbindung mit anderen Marken,<br>Symbolen, Logos oder allgemein mit jedem unterscheidungskr\u00e4ftigen Zeichen, das<br>zur Bildung eines zusammengesetzten Logos bestimmt ist.<\/p>\n\n\n\n<h2 class=\"wp-block-heading\"><strong>Hyperlinks<\/strong><\/h2>\n\n\n\n<p>Die Einrichtung von Hyperlinks zur Website ist frei zul\u00e4ssig.<br>Das Vorhandensein eines Hyperlinks von der Website zu einer anderen Website<br>stellt keine Billigung dieser Website oder ihres Inhalts dar.<br>Die Gesellschaft hat keine Kontrolle \u00fcber den Inhalt dieser Websites und \u00fcbernimmt<br>keine Haftung f\u00fcr die von Dritten auf<\/p>\n<\/div>\n<\/div>\n","protected":false},"excerpt":{"rendered":"<p>Herausgeber\u00a0: Die Website www.xefi.com (nachfolgend die \u201eWebsite\u201c), die Sie derzeit besuchen,ist Eigentum von:der vereinfachten Aktiengesellschaft HOLDING GALAXITY;mit einem Stammkapital von 736.340 Euro;mit Sitz in 2507 Avenue de l\u2019Europe, 69140 Rillieux-la-Pape, Frankreich;eingetragen im Handelsregister von Lyon unter der Nummer RCS 433 902 640;Umsatzsteuer-Identifikationsnummer: FR39433902640Telefon: +33 47 283 75 75E-Mail-Adresse: contact@xefi.fr(nachfolgend die \u201eGesellschaft\u201c). Verantwortlicher f\u00fcr die Ver\u00f6ffentlichung\u00a0: [&hellip;]<\/p>\n","protected":false},"author":1,"featured_media":13899,"parent":0,"menu_order":67,"comment_status":"closed","ping_status":"closed","template":"","meta":{"_acf_changed":false,"footnotes":""},"class_list":["post-13898","page","type-page","status-publish","has-post-thumbnail","hentry","page_location-fuszeilenlinks"],"acf":[],"_links":{"self":[{"href":"https:\/\/www.xefi.ch\/de\/wp-json\/wp\/v2\/pages\/13898","targetHints":{"allow":["GET"]}}],"collection":[{"href":"https:\/\/www.xefi.ch\/de\/wp-json\/wp\/v2\/pages"}],"about":[{"href":"https:\/\/www.xefi.ch\/de\/wp-json\/wp\/v2\/types\/page"}],"author":[{"embeddable":true,"href":"https:\/\/www.xefi.ch\/de\/wp-json\/wp\/v2\/users\/1"}],"replies":[{"embeddable":true,"href":"https:\/\/www.xefi.ch\/de\/wp-json\/wp\/v2\/comments?post=13898"}],"version-history":[{"count":1,"href":"https:\/\/www.xefi.ch\/de\/wp-json\/wp\/v2\/pages\/13898\/revisions"}],"predecessor-version":[{"id":13900,"href":"https:\/\/www.xefi.ch\/de\/wp-json\/wp\/v2\/pages\/13898\/revisions\/13900"}],"wp:featuredmedia":[{"embeddable":true,"href":"https:\/\/www.xefi.ch\/de\/wp-json\/wp\/v2\/media\/13899"}],"wp:attachment":[{"href":"https:\/\/www.xefi.ch\/de\/wp-json\/wp\/v2\/media?parent=13898"}],"curies":[{"name":"wp","href":"https:\/\/api.w.org\/{rel}","templated":true}]}}