{"id":14457,"date":"2025-04-14T14:27:36","date_gmt":"2025-04-14T12:27:36","guid":{"rendered":"https:\/\/www.xefi.ch\/materiale-informatico\/"},"modified":"2026-02-05T15:42:53","modified_gmt":"2026-02-05T14:42:53","slug":"materiale-informatico","status":"publish","type":"page","link":"https:\/\/www.xefi.ch\/it\/materiale-informatico\/","title":{"rendered":"Materiale informatico"},"content":{"rendered":"\n<div class=\"wp-block-group alignfull is-layout-constrained wp-container-core-group-is-layout-a47e864c wp-block-group-is-layout-constrained\" style=\"padding-top:var(--wp--preset--spacing--80);padding-right:var(--wp--preset--spacing--50);padding-bottom:var(--wp--preset--spacing--80);padding-left:var(--wp--preset--spacing--50)\">\n<div class=\"wp-block-columns is-layout-flex wp-container-core-columns-is-layout-7ee84d44 wp-block-columns-is-layout-flex\">\n<div class=\"wp-block-column is-layout-flow wp-container-core-column-is-layout-8a368f38 wp-block-column-is-layout-flow\"><div class=\"manitoba-chiffres-cle animated wp-block-manitoba-chiffres-chiffres-cle\" id=\"chiffre-1\">\n  <div class=\"manitoba-chiffres-number-wrapper\">\n    <p class=\"manitoba-chiffres-number-value\" data-number=\"70\"\n      data-animated=\"true\" style=\"\">\n      0    <\/p>\n        <p class=\"manitoba-chiffres-number-unit\" style=\"\">%<\/p>\n      <\/div>\n<\/div>\n\n\n\n\n<p class=\"has-text-align-center\" style=\"margin-bottom:var(--wp--preset--spacing--20)\">dei guasti informatici \u00e8 dovuto a materiale obsoleto<\/p>\n\n\n\n<p class=\"has-text-align-center has-grey-color has-text-color has-link-color has-custom-small-font-size wp-elements-7221953db34912db16f4ff7529a595a3\">Fonte: Gartner<\/p>\n<\/div>\n\n\n\n<div class=\"wp-block-column is-layout-flow wp-block-column-is-layout-flow\"><div class=\"manitoba-chiffres-cle animated wp-block-manitoba-chiffres-chiffres-cle\" id=\"chiffre-2\">\n  <div class=\"manitoba-chiffres-number-wrapper\">\n    <p class=\"manitoba-chiffres-number-value\" data-number=\"22\"\n      data-animated=\"true\" style=\"\">\n      0    <\/p>\n        <p class=\"manitoba-chiffres-number-unit\" style=\"\">minuti<\/p>\n      <\/div>\n<\/div>\n\n\n\n\n<p class=\"has-text-align-center\" style=\"margin-bottom:var(--wp--preset--spacing--20)\">al giorno persi a causa di materiale informatico inadeguato<\/p>\n\n\n\n<p class=\"has-text-align-center has-grey-color has-text-color has-link-color has-custom-small-font-size wp-elements-b431b9d8efd856f6414c9db308f67fb5\">Fonte: Studio Sharp\/IPSOS, 2020<\/p>\n<\/div>\n\n\n\n<div class=\"wp-block-column is-layout-flow wp-block-column-is-layout-flow\"><div class=\"manitoba-chiffres-cle animated wp-block-manitoba-chiffres-chiffres-cle\" id=\"chiffre-3\">\n  <div class=\"manitoba-chiffres-number-wrapper\">\n    <p class=\"manitoba-chiffres-number-value\" data-number=\"68\"\n      data-animated=\"true\" style=\"\">\n      0    <\/p>\n        <p class=\"manitoba-chiffres-number-unit\" style=\"\">%<\/p>\n      <\/div>\n<\/div>\n\n\n\n\n<p class=\"has-text-align-center\" style=\"margin-bottom:var(--wp--preset--spacing--20)\">dei collaboratori afferma che disporre di materiale informatico performante migliora la motivazione<\/p>\n\n\n\n<p class=\"has-text-align-center has-grey-color has-text-color has-link-color has-custom-small-font-size wp-elements-78461e74adbc26b10e92cac769f59f9b\">Fonte: Studio Symantec<\/p>\n<\/div>\n<\/div>\n<\/div>\n\n<div class=\"wp-block-group alignfull is-layout-constrained wp-container-core-group-is-layout-a47e864c wp-block-group-is-layout-constrained\" style=\"padding-top:var(--wp--preset--spacing--80);padding-right:var(--wp--preset--spacing--50);padding-bottom:var(--wp--preset--spacing--80);padding-left:var(--wp--preset--spacing--50)\">\n<h2 class=\"wp-block-heading has-text-align-center\" style=\"margin-bottom:var(--wp--preset--spacing--80)\">Strumenti performanti per un\u2019azienda pi\u00f9 efficiente<\/h2>\n\n\n<nav class=\"manitoba-intern-menu manitoba-intern-menu-cols-4 manitoba-intern-menu--hover-width wp-block-manitoba-page-location-intern-menu\" aria-label=\"Menu interne\">\n  <ul class=\"manitoba-intern-menu-grid\">\n            <li class=\"manitoba-intern-menu-grid-item\">\n                  <a href=\"https:\/\/www.xefi.ch\/fr\/equipement\/equipement-nos-solutions\/pc-fixes-et-portables\/\" class=\"manitoba-intern-menu-item has-description\"\n         aria-labelledby=\"menu-title-0\"\n         aria-describedby=\"menu-desc-0\">\n                  <div class=\"manitoba-intern-menu-item-background\" style=\"background-image: url(https:\/\/www.xefi.fr\/wp-content\/uploads\/sites\/2\/2025\/07\/pc-fixes-et-portables-professionnels-xefi-partenaire-informatique-des-tpe-pme-2.png);\" aria-hidden=\"true\"><\/div>\n          <div class=\"manitoba-intern-menu-item-overlay\">\n            <div class=\"manitoba-intern-menu-item-title-container\">\n              <h3 id=\"menu-title-0\" class=\"manitoba-intern-menu-item-title\">\n                PC fissi e portatili professionali<\/h3>\n            <\/div>\n                        <div class=\"manitoba-intern-menu-item-description-container\">\n              <p id=\"menu-desc-0\" class=\"manitoba-intern-menu-item-description\">\n                Attrezzature 100 % HP, installate chiavi in mano e manutenute per tutta la durata del contratto.              <\/p>\n            <\/div>\n                      <\/div>\n                <\/a>\n          <\/li>\n        <li class=\"manitoba-intern-menu-grid-item\">\n                  <a href=\"https:\/\/www.xefi.ch\/fr\/equipement\/equipement-nos-solutions\/serveurs\/\" class=\"manitoba-intern-menu-item has-description\"\n         aria-labelledby=\"menu-title-1\"\n         aria-describedby=\"menu-desc-1\">\n                  <div class=\"manitoba-intern-menu-item-background\" style=\"background-image: url(https:\/\/www.xefi.fr\/wp-content\/uploads\/sites\/2\/2025\/07\/serveurs-professionnels-hpe-xefi-partenaire-informatique-des-tpe-pme-2.jpg);\" aria-hidden=\"true\"><\/div>\n          <div class=\"manitoba-intern-menu-item-overlay\">\n            <div class=\"manitoba-intern-menu-item-title-container\">\n              <h3 id=\"menu-title-1\" class=\"manitoba-intern-menu-item-title\">\n                Server professionali HPE<\/h3>\n            <\/div>\n                        <div class=\"manitoba-intern-menu-item-description-container\">\n              <p id=\"menu-desc-1\" class=\"manitoba-intern-menu-item-description\">\n                Un\u2019infrastruttura progettata in base alle sue applicazioni, ai suoi dati e alle sue esigenze di disponibilit\u00e0.              <\/p>\n            <\/div>\n                      <\/div>\n                <\/a>\n          <\/li>\n        <li class=\"manitoba-intern-menu-grid-item\">\n                  <a href=\"https:\/\/www.xefi.ch\/fr\/equipement\/equipement-nos-solutions\/peripheriques\/\" class=\"manitoba-intern-menu-item has-description\"\n         aria-labelledby=\"menu-title-2\"\n         aria-describedby=\"menu-desc-2\">\n                  <div class=\"manitoba-intern-menu-item-background\" style=\"background-image: url(https:\/\/www.xefi.ch\/wp-content\/uploads\/sites\/7\/2025\/07\/peripheriques-informatiques-xefi-partenaire-informatique-des-tpe-pme.jpg);\" aria-hidden=\"true\"><\/div>\n          <div class=\"manitoba-intern-menu-item-overlay\">\n            <div class=\"manitoba-intern-menu-item-title-container\">\n              <h3 id=\"menu-title-2\" class=\"manitoba-intern-menu-item-title\">\n                Periferiche informatiche<\/h3>\n            <\/div>\n                        <div class=\"manitoba-intern-menu-item-description-container\">\n              <p id=\"menu-desc-2\" class=\"manitoba-intern-menu-item-description\">\n                Soluzioni di videoconferenza (audio e video) progettate per migliorare la qualit\u00e0 delle comunicazioni e il comfort di lavoro durante le riunioni a distanza.              <\/p>\n            <\/div>\n                      <\/div>\n                <\/a>\n          <\/li>\n        <li class=\"manitoba-intern-menu-grid-item\">\n                  <a href=\"https:\/\/www.xefi.ch\/fr\/equipement\/equipement-nos-solutions\/financement\/\" class=\"manitoba-intern-menu-item has-description\"\n         aria-labelledby=\"menu-title-3\"\n         aria-describedby=\"menu-desc-3\">\n                  <div class=\"manitoba-intern-menu-item-background\" style=\"background-image: url(https:\/\/www.xefi.ch\/wp-content\/uploads\/sites\/7\/2025\/07\/financement-location-evolutive-nexleasexefi-partenaire-informatique-tpe-pme.jpg);\" aria-hidden=\"true\"><\/div>\n          <div class=\"manitoba-intern-menu-item-overlay\">\n            <div class=\"manitoba-intern-menu-item-title-container\">\n              <h3 id=\"menu-title-3\" class=\"manitoba-intern-menu-item-title\">\n                Finanziamento<\/h3>\n            <\/div>\n                        <div class=\"manitoba-intern-menu-item-description-container\">\n              <p id=\"menu-desc-3\" class=\"manitoba-intern-menu-item-description\">\n                Doti la sua azienda delle migliori attrezzature senza gravare sulla liquidit\u00e0, grazie a una soluzione flessibile, evolutiva e perfettamente adatta a micro imprese e PMI.              <\/p>\n            <\/div>\n                      <\/div>\n                <\/a>\n          <\/li>\n          <\/ul>\n<\/nav>\n<\/div>\n\n<div class=\"wp-block-group alignfull is-layout-constrained wp-container-core-group-is-layout-11c1ca01 wp-block-group-is-layout-constrained has-background\" style=\"padding-right:var(--wp--preset--spacing--50);padding-left:var(--wp--preset--spacing--50);background-image:url(&#039;https:\/\/www.xefi.fr\/wp-content\/uploads\/sites\/2\/2025\/07\/bandeau_contact_equipement-scaled.jpg&#039;);background-position:50% 50%;background-size:cover;background-attachment:scroll;\">\n<div class=\"wp-block-columns is-layout-flex wp-container-core-columns-is-layout-28f84493 wp-block-columns-is-layout-flex\">\n<div class=\"wp-block-column is-layout-flow wp-block-column-is-layout-flow\" style=\"padding-top:var(--wp--preset--spacing--50);padding-bottom:var(--wp--preset--spacing--50);flex-basis:33.33%\">\n<h3 class=\"wp-block-heading has-background-color has-text-color has-link-color wp-elements-0b322d019eebbaf5bb22bbbec1f8b4c1\">Ha bisogno di nuove attrezzature senza gravare sulla sua liquidit\u00e0?<\/h3>\n\n\n\n<p class=\"has-background-color has-text-color has-link-color wp-elements-e9e88c06df2711128f5272e74eab3765\">Si equipaggi con le migliori soluzioni informatiche, tenendo sotto controllo i costi!<\/p>\n\n\n\n<div class=\"wp-block-buttons is-layout-flex wp-block-buttons-is-layout-flex\">\n<div class=\"wp-block-button alt\"><a class=\"wp-block-button__link has-background-background-color has-background has-border-color has-dark-border-color wp-element-button\" href=\"#contact-store\" style=\"border-width:4px\">Ci contatti<\/a><\/div>\n<\/div>\n<\/div>\n<\/div>\n<\/div>\n\n<div class=\"wp-block-group alignfull has-grey-background-color has-background is-layout-constrained wp-container-core-group-is-layout-a47e864c wp-block-group-is-layout-constrained\" style=\"padding-top:var(--wp--preset--spacing--80);padding-right:var(--wp--preset--spacing--50);padding-bottom:var(--wp--preset--spacing--80);padding-left:var(--wp--preset--spacing--50)\">\n<h2 class=\"wp-block-heading has-text-align-center has-dark-color has-text-color has-link-color wp-elements-e0b102d0fb4de565b401733b3c74001a\" style=\"margin-bottom:var(--wp--preset--spacing--80)\">I CONSIGLI DEI <mark class=\"has-inline-color has-primary-color\">NOSTRI ESPERTI<\/mark><\/h2>\n\n\n<script type=\"application\/ld+json\">{\"@context\":\"https:\/\/schema.org\",\"@graph\":[{\"@type\":\"TechArticle\",\"headline\":\"Pierre, il nostro esperto IT, le parla delle nostre soluzioni dedicate al materiale informatico\",\"dateCreated\":\"2025-07-29T12:15:09+02:00\",\"datePublished\":\"2025-07-29T12:15:09+02:00\",\"abstract\":\"In meno di 2 minuti, scoprite in video la testimonianza del nostro esperto IT sulle soluzioni di apparecchiature informatiche proposte alle TPE e PMI! Perch\u00e9 una TPE\/PMI deve essere ben equipaggiata con materiale informatico? Concretamente, quale materiale propone XEFI? Perch\u00e9 rivolgersi a XEFI?   \",\"inLanguage\":\"it-CH\",\"url\":\"https:\/\/www.xefi.ch\/it\/pierre-il-nostro-esperto-it-le-parla-delle-nostre-soluzioni-dedicate-al-materiale-informatico\/\",\"author\":{\"@type\":\"Person\",\"name\":\"sladana\"},\"image\":{\"@type\":\"ImageObject\",\"url\":\"https:\/\/www.xefi.ch\/wp-content\/uploads\/sites\/7\/2025\/07\/pierre-expert-it-solution-equipement-xefi-informatique-partenaire-des-tpe-pme.png\"}}]}<\/script><div class=\"manitoba-articles-carousel\" id=\"articles-carousel-4\"\n  data-max-items=\"5\" data-autoplay=\"false\" data-autoplay-delay=\"60000\">\n  <div class=\"swiper\">\n    <div class=\"swiper-wrapper\">\n            <div class=\"swiper-slide\">\n        <article class=\"article-card cut-border\">\n          <div class=\"article-media\">\n                        <div class=\"article-video\">\n              <iframe loading=\"lazy\" title=\"Notre expert IT, Pierre nous parle des solutions en \u00e9quipement informatique de XEFI\" width=\"500\" height=\"281\" src=\"https:\/\/www.youtube.com\/embed\/qTK6yxPdNfg?feature=oembed\" frameborder=\"0\" allow=\"accelerometer; autoplay; clipboard-write; encrypted-media; gyroscope; picture-in-picture; web-share\" referrerpolicy=\"strict-origin-when-cross-origin\" allowfullscreen><\/iframe>            <\/div>\n                      <\/div>\n\n          <div class=\"article-content\">\n            <p class=\"article-meta\">\n                            <span class=\"article-category\">\n                Attrezzatura              <\/span>\n                          <\/p>\n\n                        <p class=\"article-tags\">\n                            <span class=\"article-tag\">\n                hp              <\/span>\n                            <span class=\"article-tag\">\n                pc              <\/span>\n                            <span class=\"article-tag\">\n                periferica informatica              <\/span>\n                          <\/p>\n            \n            <h3 class=\"article-title\">\n              <a\n                href=\"https:\/\/www.xefi.ch\/it\/pierre-il-nostro-esperto-it-le-parla-delle-nostre-soluzioni-dedicate-al-materiale-informatico\/\">Pierre, il nostro esperto IT, le parla delle nostre soluzioni dedicate al materiale informatico<\/a>\n            <\/h3>\n\n            <p class=\"article-excerpt\">\n              In meno di 2 minuti, scoprite in video la testimonianza del nostro esperto IT sulle soluzioni di apparecchiature informatiche proposte alle TPE e PMI! Perch\u00e9 una TPE\/PMI deve essere ben equipaggiata con materiale informatico? Concretamente, quale materiale propone XEFI? Perch\u00e9 rivolgersi a XEFI?               <\/p>\n            <a class=\"article-btn\" aria-label=\"Pierre, il nostro esperto IT, le parla delle nostre soluzioni dedicate al materiale informatico\"\n              href=\"https:\/\/www.xefi.ch\/it\/pierre-il-nostro-esperto-it-le-parla-delle-nostre-soluzioni-dedicate-al-materiale-informatico\/\">\n              SCOPRA DI PI\u00d9            <\/a>\n          <\/div>\n        <\/article>\n      <\/div>\n          <\/div>\n\n      <\/div>\n  <\/div>\n\n\n\n\n<div class=\"wp-block-buttons is-content-justification-center is-layout-flex wp-container-core-buttons-is-layout-46a81f07 wp-block-buttons-is-layout-flex\" style=\"margin-top:var(--wp--preset--spacing--80)\">\n<div class=\"wp-block-button\"><a class=\"wp-block-button__link has-background-color has-dark-background-color has-text-color has-background has-link-color has-text-align-left wp-element-button\" href=\"https:\/\/www.xefi.ch\/it\/scopra-xefi\/informazioni-su-xefi\/consigli-dei-nostri-esperti-e-news\/\">Scopra tutti i nostri consigli<\/a><\/div>\n<\/div>\n<\/div>\n\n<div class=\"wp-block-group alignfull has-background-color has-dark-background-color has-text-color has-background has-link-color wp-elements-554c00e31f79f5b8abe2bd52a6461273 is-layout-constrained wp-container-core-group-is-layout-656a57f4 wp-block-group-is-layout-constrained\" style=\"padding-top:var(--wp--preset--spacing--80);padding-right:var(--wp--preset--spacing--50);padding-bottom:var(--wp--preset--spacing--80);padding-left:var(--wp--preset--spacing--50)\">\n<div class=\"wp-block-columns is-layout-flex wp-container-core-columns-is-layout-14cf5ab5 wp-block-columns-is-layout-flex\">\n<div class=\"wp-block-column is-layout-flow wp-block-column-is-layout-flow\">\n<figure class=\"wp-block-image size-full cut-border\"><img loading=\"lazy\" decoding=\"async\" width=\"1920\" height=\"1280\" src=\"https:\/\/www.xefi.fr\/wp-content\/uploads\/sites\/2\/2025\/05\/expertise-xefi-pour-tpe-pme-bd.jpg\" alt=\"\" class=\"wp-image-10628\" style=\"aspect-ratio:16\/9;object-fit:cover\" srcset=\"https:\/\/www.xefi.ch\/wp-content\/uploads\/sites\/7\/2025\/05\/expertise-xefi-pour-tpe-pme-bd.jpg 1920w, https:\/\/www.xefi.ch\/wp-content\/uploads\/sites\/7\/2025\/05\/expertise-xefi-pour-tpe-pme-bd-300x200.jpg 300w, https:\/\/www.xefi.ch\/wp-content\/uploads\/sites\/7\/2025\/05\/expertise-xefi-pour-tpe-pme-bd-1024x683.jpg 1024w, https:\/\/www.xefi.ch\/wp-content\/uploads\/sites\/7\/2025\/05\/expertise-xefi-pour-tpe-pme-bd-768x512.jpg 768w, https:\/\/www.xefi.ch\/wp-content\/uploads\/sites\/7\/2025\/05\/expertise-xefi-pour-tpe-pme-bd-1536x1024.jpg 1536w\" sizes=\"auto, (max-width: 1920px) 100vw, 1920px\" \/><\/figure>\n<\/div>\n\n\n\n<div class=\"wp-block-column is-layout-flow wp-block-column-is-layout-flow\" style=\"padding-top:var(--wp--preset--spacing--60);padding-right:var(--wp--preset--spacing--50);padding-bottom:var(--wp--preset--spacing--60);padding-left:var(--wp--preset--spacing--50)\">\n<h3 class=\"wp-block-heading\" style=\"margin-bottom:var(--wp--preset--spacing--60)\">LA COMPETENZA XEFI PER LE MICRO IMPRESE\/PMI<\/h3>\n\n\n\n<ul class=\"wp-block-list\">\n<li><strong>Un approccio chiavi in mano, dall&#8217;installazione al monitoraggio<\/strong><\/li>\n\n\n\n<li><strong>Assistenza telefonica rapida<\/strong><\/li>\n\n\n\n<li><strong>Intervento in sede entro 4\u201336 ore<\/strong><\/li>\n\n\n\n<li><strong>28 anni di esperienza nel settore<\/strong><\/li>\n<\/ul>\n<\/div>\n<\/div>\n<\/div>\n\n<div style=\"height:100px\" aria-hidden=\"true\" class=\"wp-block-spacer\"><\/div>\n\n<div class=\"wp-block-group alignfull is-layout-constrained wp-container-core-group-is-layout-11c1ca01 wp-block-group-is-layout-constrained has-background\" style=\"padding-right:var(--wp--preset--spacing--50);padding-left:var(--wp--preset--spacing--50);background-image:url(&#039;https:\/\/www.xefi.fr\/wp-content\/uploads\/sites\/2\/2025\/06\/image_metier_equipements_bandeau_livreblanc-scaled.jpg&#039;);background-position:50% 50%;background-size:cover;background-attachment:scroll;\">\n<div class=\"wp-block-columns is-layout-flex wp-container-core-columns-is-layout-28f84493 wp-block-columns-is-layout-flex\">\n<div class=\"wp-block-column is-layout-flow wp-block-column-is-layout-flow\" style=\"padding-top:var(--wp--preset--spacing--50);padding-bottom:var(--wp--preset--spacing--50);flex-basis:33.33%\">\n<h3 class=\"wp-block-heading has-background-color has-text-color has-link-color wp-elements-0e6b0659db3edb1e19c546906c28fd6b\" style=\"text-transform:uppercase\">Passi a materiale informatico di nuova generazione con XEFI<\/h3>\n\n\n\n<div class=\"wp-block-buttons is-layout-flex wp-block-buttons-is-layout-flex\">\n<div class=\"wp-block-button\"><a class=\"wp-block-button__link has-background-background-color has-background wp-element-button\" href=\"#contact-store\">Ci contatti<\/a><\/div>\n<\/div>\n<\/div>\n\n\n\n<div class=\"wp-block-column is-layout-flow wp-block-column-is-layout-flow\" style=\"flex-basis:66.66%\"><\/div>\n<\/div>\n<\/div>\n\n<div class=\"wp-block-group alignfull is-layout-constrained wp-container-core-group-is-layout-a47e864c wp-block-group-is-layout-constrained\" style=\"padding-top:var(--wp--preset--spacing--80);padding-right:var(--wp--preset--spacing--50);padding-bottom:var(--wp--preset--spacing--80);padding-left:var(--wp--preset--spacing--50)\">\n<h2 class=\"wp-block-heading has-text-align-center\" style=\"margin-bottom:var(--wp--preset--spacing--80)\">Domande frequenti<\/h2>\n\n\n\n<div class=\"wp-block-columns is-layout-flex wp-container-core-columns-is-layout-14cf5ab5 wp-block-columns-is-layout-flex\">\n<div class=\"wp-block-column is-layout-flow wp-container-core-column-is-layout-15ea44a4 wp-block-column-is-layout-flow\" style=\"flex-basis:60%\">\t\t<div class=\"manitoba-faq-entries wp-block-manitoba-faq-faq-entries\" data-accordion-role=\"group\"\n\t\t\tdata-accordion-behavior=\"single\">\n\t\t\t\t\t\t\t<div class=\"manitoba-faq-item manitoba-faq-item--featured\" data-accordion-role=\"item\">\n\t\t\t\t\t<p class=\"manitoba-faq-question\">\n\t\t\t\t\t\t<button type=\"button\" id=\"faq-question-15006\" class=\"manitoba-faq-question-trigger\"\n\t\t\t\t\t\t\taria-expanded=\"false\" aria-controls=\"faq-answer-15006\">\n\t\t\t\t\t\t\t<span class=\"manitoba-faq-question-trigger-label\">In che modo la mia agenzia XEFI mi supporta nella scelta del materiale informatico?<\/span>\n\t\t\t\t\t\t<\/button>\n\t\t\t\t\t<\/p>\n\t\t\t\t\t<div class=\"manitoba-faq-answer\" id=\"faq-answer-15006\"\n\t\t\t\t\t\taria-labelledby=\"faq-question-15006\" hidden>\n\t\t\t\t\t\t\n<p>XEFI le propone materiale informatico affidabile e adatto alla sua attivit\u00e0, con un supporto completo: consulenza, installazione e manutenzione.<\/p>\n\n<p><\/p>\n\n\t\t\t\t\t\t\t\t\t\t\t<\/div>\n\t\t\t\t<\/div>\n\t\t\t\t\t\t\t<div class=\"manitoba-faq-item manitoba-faq-item--featured\" data-accordion-role=\"item\">\n\t\t\t\t\t<p class=\"manitoba-faq-question\">\n\t\t\t\t\t\t<button type=\"button\" id=\"faq-question-15008\" class=\"manitoba-faq-question-trigger\"\n\t\t\t\t\t\t\taria-expanded=\"false\" aria-controls=\"faq-answer-15008\">\n\t\t\t\t\t\t\t<span class=\"manitoba-faq-question-trigger-label\">Come posso sottoscrivere un\u2019offerta di noleggio finanziario evolutivo XEFI?<\/span>\n\t\t\t\t\t\t<\/button>\n\t\t\t\t\t<\/p>\n\t\t\t\t\t<div class=\"manitoba-faq-answer\" id=\"faq-answer-15008\"\n\t\t\t\t\t\taria-labelledby=\"faq-question-15008\" hidden>\n\t\t\t\t\t\t\n<p>\u00c8 semplice! Ci contatti per un\u2019analisi delle sue esigenze: le proporremo la soluzione di finanziamento pi\u00f9 adatta alla sua attivit\u00e0. <\/p>\n\n<p><\/p>\n\n\t\t\t\t\t\t\t\t\t\t\t<\/div>\n\t\t\t\t<\/div>\n\t\t\t\t\t\t\t<div class=\"manitoba-faq-item manitoba-faq-item--featured\" data-accordion-role=\"item\">\n\t\t\t\t\t<p class=\"manitoba-faq-question\">\n\t\t\t\t\t\t<button type=\"button\" id=\"faq-question-15010\" class=\"manitoba-faq-question-trigger\"\n\t\t\t\t\t\t\taria-expanded=\"false\" aria-controls=\"faq-answer-15010\">\n\t\t\t\t\t\t\t<span class=\"manitoba-faq-question-trigger-label\">Quali sono i vantaggi del finanziamento con noleggio evolutivo rispetto all\u2019acquisto?<\/span>\n\t\t\t\t\t\t<\/button>\n\t\t\t\t\t<\/p>\n\t\t\t\t\t<div class=\"manitoba-faq-answer\" id=\"faq-answer-15010\"\n\t\t\t\t\t\taria-labelledby=\"faq-question-15010\" hidden>\n\t\t\t\t\t\t\n<p>Il finanziamento con noleggio evolutivo le consente di accedere a tecnologie performanti senza impatto immediato sulla liquidit\u00e0. Inoltre, pu\u00f2 rinnovare pi\u00f9 facilmente le sue attrezzature ed evitare l\u2019obsolescenza. <\/p>\n\n<p><\/p>\n\n\t\t\t\t\t\t\t\t\t\t\t<\/div>\n\t\t\t\t<\/div>\n\t\t\t\t\t<\/div>\n<\/div>\n\n\n\n<div class=\"wp-block-column cut-border is-layout-flow wp-block-column-is-layout-flow\" style=\"padding-top:var(--wp--preset--spacing--20);padding-right:var(--wp--preset--spacing--20);padding-bottom:var(--wp--preset--spacing--20);padding-left:var(--wp--preset--spacing--20);flex-basis:40%\">\n<div class=\"wp-block-group cut-border has-light-background-color has-background is-layout-constrained wp-container-core-group-is-layout-db32e940 wp-block-group-is-layout-constrained\" style=\"padding-top:var(--wp--preset--spacing--60);padding-right:var(--wp--preset--spacing--60);padding-bottom:var(--wp--preset--spacing--60);padding-left:var(--wp--preset--spacing--60)\">\n<figure class=\"wp-block-image aligncenter size-full\" style=\"margin-bottom:var(--wp--preset--spacing--50)\"><img decoding=\"async\" src=\"https:\/\/www.xefi.fr\/wp-content\/uploads\/sites\/2\/2025\/05\/icon_faq_bubbles.svg\" alt=\"\" class=\"wp-image-348\"\/><\/figure>\n\n\n\n<div class=\"wp-block-buttons is-content-justification-center is-layout-flex wp-container-core-buttons-is-layout-a89b3969 wp-block-buttons-is-layout-flex\">\n<div class=\"wp-block-button\"><a class=\"wp-block-button__link has-background-color has-dark-background-color has-text-color has-background has-link-color wp-element-button\" href=\"https:\/\/www.xefi.ch\/it\/domande-frequenti\/\">Vada alle domande frequenti<\/a><\/div>\n<\/div>\n<\/div>\n<\/div>\n<\/div>\n<\/div>\n","protected":false},"excerpt":{"rendered":"<p>dei guasti informatici \u00e8 dovuto a materiale obsoleto Fonte: Gartner al giorno persi a causa di materiale informatico inadeguato Fonte: Studio Sharp\/IPSOS, 2020 dei collaboratori afferma che disporre di materiale informatico performante migliora la motivazione Fonte: Studio Symantec Strumenti performanti per un\u2019azienda pi\u00f9 efficiente Ha bisogno di nuove attrezzature senza gravare sulla sua liquidit\u00e0? Si [&hellip;]<\/p>\n","protected":false},"author":1,"featured_media":14482,"parent":0,"menu_order":6,"comment_status":"closed","ping_status":"closed","template":"page-metier","meta":{"_acf_changed":false,"footnotes":""},"class_list":["post-14457","page","type-page","status-publish","has-post-thumbnail","hentry","page_location-le-nostre-soluzioni","page_location-menu-mobile-it","page_location-menu-principale"],"acf":[],"_links":{"self":[{"href":"https:\/\/www.xefi.ch\/it\/wp-json\/wp\/v2\/pages\/14457","targetHints":{"allow":["GET"]}}],"collection":[{"href":"https:\/\/www.xefi.ch\/it\/wp-json\/wp\/v2\/pages"}],"about":[{"href":"https:\/\/www.xefi.ch\/it\/wp-json\/wp\/v2\/types\/page"}],"author":[{"embeddable":true,"href":"https:\/\/www.xefi.ch\/it\/wp-json\/wp\/v2\/users\/1"}],"replies":[{"embeddable":true,"href":"https:\/\/www.xefi.ch\/it\/wp-json\/wp\/v2\/comments?post=14457"}],"version-history":[{"count":3,"href":"https:\/\/www.xefi.ch\/it\/wp-json\/wp\/v2\/pages\/14457\/revisions"}],"predecessor-version":[{"id":15219,"href":"https:\/\/www.xefi.ch\/it\/wp-json\/wp\/v2\/pages\/14457\/revisions\/15219"}],"wp:featuredmedia":[{"embeddable":true,"href":"https:\/\/www.xefi.ch\/it\/wp-json\/wp\/v2\/media\/14482"}],"wp:attachment":[{"href":"https:\/\/www.xefi.ch\/it\/wp-json\/wp\/v2\/media?parent=14457"}],"curies":[{"name":"wp","href":"https:\/\/api.w.org\/{rel}","templated":true}]}}