{"id":14894,"date":"2025-05-05T11:21:41","date_gmt":"2025-05-05T09:21:41","guid":{"rendered":"https:\/\/www.xefi.ch\/trovare-la-vostra-agenzia-xefi-in-svizzera\/"},"modified":"2026-01-26T15:31:23","modified_gmt":"2026-01-26T14:31:23","slug":"trovare-la-vostra-agenzia-xefi-in-svizzera","status":"publish","type":"page","link":"https:\/\/www.xefi.ch\/it\/trovare-la-vostra-agenzia-xefi-in-svizzera\/","title":{"rendered":"Trovare la vostra agenzia XEFI in Svizzera"},"content":{"rendered":"\n<div class=\"wp-block-group alignfull is-layout-constrained wp-container-core-group-is-layout-a47e864c wp-block-group-is-layout-constrained\" style=\"padding-top:var(--wp--preset--spacing--80);padding-right:var(--wp--preset--spacing--50);padding-bottom:var(--wp--preset--spacing--80);padding-left:var(--wp--preset--spacing--50)\">\n<h2 class=\"wp-block-heading has-text-align-center\">la <mark class=\"has-inline-color has-primary-color\">vostra agenzia<\/mark> xefi di prossimit\u00e0 IN SVIZZERA<\/h2>\n\n\n\n<p class=\"has-text-align-center has-custom-medium-font-size\" style=\"margin-bottom:var(--wp--preset--spacing--80)\"><strong>Trovate rapidamente l&#8217;agenzia XEFI pi\u00f9 vicina a voi cliccando sul pulsante di localizzazione o inserendo il vostro codice postale o la vostra citt\u00e0!<\/strong><\/p>\n\n\n    <script>\n        window.__ACTIVE_STORE__ = null;\n        window.__DEFAULT_STORES_LIST__ = [{\"id\":15319,\"name\":\"XEFI Gen\\u00e8ve Centre\",\"distance\":\"\",\"currentHours\":[\"08:30-12:00\",\"13:30-18:00\"],\"isOpen\":true,\"street\":\"Rue de Lyon 59\",\"postalcode\":\"1203\",\"city\":\"Gen\\u00e8ve\",\"phones\":[\"+41 22 566 90 10\"],\"url\":\"https:\\\/\\\/www.xefi.ch\\\/it\\\/agence\\\/xefi-geneve-centre\\\/\",\"latLng\":{\"lat\":46.2085758,\"lng\":6.1314742}},{\"id\":15313,\"name\":\"XEFI Gen\\u00e8ve Eaux-Vives\",\"distance\":\"\",\"currentHours\":[\"08:00-12:00\",\"14:00-18:00\"],\"isOpen\":false,\"street\":\"Chemin Bizot 4\",\"postalcode\":\"1208\",\"city\":\"Gen\\u00e8ve\",\"phones\":[\"+41 22 735 34 00\",\"022 735 34 00\"],\"url\":\"https:\\\/\\\/www.xefi.ch\\\/it\\\/agence\\\/xefi-geneve-eaux-vives\\\/\",\"latLng\":{\"lat\":46.193962,\"lng\":6.166333}},{\"id\":15256,\"name\":\"XEFI Gen\\u00e8ve Rive Gauche\",\"distance\":\"\",\"currentHours\":[\"08:30-12:00\",\"13:30-18:00\"],\"isOpen\":true,\"street\":\"Route de Thonon 152 A\",\"postalcode\":\"1222\",\"city\":\"Gen\\u00e8ve\",\"phones\":[\"+41 22 566 12 34\",\"geneve-rive-gauche@xefi.ch\"],\"url\":\"https:\\\/\\\/www.xefi.ch\\\/it\\\/agence\\\/xefi-geneve-rive-gauche\\\/\",\"latLng\":{\"lat\":46.2470754,\"lng\":6.215467}},{\"id\":12172,\"name\":\"XEFI Lausanne Ouest\",\"distance\":\"\",\"currentHours\":[\"08:00-12:00\",\"13:30-18:00\"],\"isOpen\":true,\"street\":\"Rue du Ch\\u00eane 15\",\"postalcode\":\"1020\",\"city\":\"Renens\",\"phones\":[\"+41 21 625 00 00\",\"021 625 00 00\"],\"url\":\"https:\\\/\\\/www.xefi.ch\\\/it\\\/agence\\\/xefi-lausanne-ouest\\\/\",\"latLng\":{\"lat\":46.5290328,\"lng\":6.5928831}},{\"id\":15316,\"name\":\"XEFI Monthey\",\"distance\":\"\",\"currentHours\":[\"08:30-12:00\",\"13:30-18:00\"],\"isOpen\":true,\"street\":\"Chemin des Regains 9\",\"postalcode\":\"1873\",\"city\":\"Val-d'Illiez\",\"phones\":[\"+41 79 928 22 00\",\"079 928 22 00\"],\"url\":\"https:\\\/\\\/www.xefi.ch\\\/it\\\/agence\\\/xefi-monthey\\\/\",\"latLng\":{\"lat\":46.20031196,\"lng\":6.89194891}},{\"id\":12184,\"name\":\"XEFI Neuch\\u00e2tel\",\"distance\":\"\",\"currentHours\":[\"08:00-12:00\",\"13:30-18:00\"],\"isOpen\":true,\"street\":\"Rue de la Charri\\u00e8re 80\",\"postalcode\":\"2300\",\"city\":\"La Chaux-de-Fonds\",\"phones\":[\"+41 32 967 88 66\",\"032 967 88 66\"],\"url\":\"https:\\\/\\\/www.xefi.ch\\\/it\\\/agence\\\/xefi-neuchatel\\\/\",\"latLng\":{\"lat\":47.112712,\"lng\":6.837082}},{\"id\":12187,\"name\":\"XEFI Valais Central\",\"distance\":\"\",\"currentHours\":[\"08:00-12:00\",\"13:30-17:30\"],\"isOpen\":true,\"street\":\"Route du Simplon 27A\",\"postalcode\":\"3960\",\"city\":\"Sierre\",\"phones\":[\"+41 27 480 10 52\",\"027 480 10 52\"],\"url\":\"https:\\\/\\\/www.xefi.ch\\\/it\\\/agence\\\/xefi-valais-central\\\/\",\"latLng\":{\"lat\":46.2967888,\"lng\":7.5411811}}];\n    <\/script>\n    <div class=\"manitoba-stores-map wp-block-manitoba-stores-stores-map\"        data-googlemaps-apikey=\"AIzaSyDsaYpxvzCYXCWrBnqT08gCH-zSx9JcPIo\"\n        data-default-latlng=\"46.8011,8.2267\"\n        data-default-zoom=\"7\"\n        data-marker-url=\"\/wp-content\/themes\/xefi-theme\/medias\/icon_marker.svg\"\n        data-active-marker-url=\"\/wp-content\/themes\/xefi-theme\/medias\/icon_active_marker.svg\"\n        data-countries=\"CH\">\n        <div class=\"map-container\">\n            <iframe loading=\"lazy\" class=\"map-frame\" width=\"100%\" height=\"600\" frameborder=\"0\" scrolling=\"no\" marginheight=\"0\" marginwidth=\"0\" src=\"https:\/\/maps.google.com\/maps?width=100%25&amp;height=600&amp;hl=en&amp;q=manitoba%20montrouge+(My%20Business%20Name)&amp;t=&amp;z=14&amp;ie=UTF8&amp;iwloc=B&amp;output=embed\"><\/iframe>\n        <\/div>\n    <\/div>\n<\/div>\n\n<div class=\"wp-block-group alignfull is-layout-constrained wp-container-core-group-is-layout-a47e864c wp-block-group-is-layout-constrained\" style=\"padding-top:var(--wp--preset--spacing--80);padding-right:var(--wp--preset--spacing--50);padding-bottom:var(--wp--preset--spacing--80);padding-left:var(--wp--preset--spacing--50)\">\n<h2 class=\"wp-block-heading has-text-align-center\" style=\"margin-bottom:var(--wp--preset--spacing--80)\">trovate <mark class=\"has-inline-color has-primary-color\">tutte le nostre agenzie<\/mark> IN SVIZZERA<\/h2>\n\n\n\n<div class=\"wp-block-columns is-layout-flex wp-container-core-columns-is-layout-643ced6b wp-block-columns-is-layout-flex\">\n<div class=\"wp-block-column is-layout-flow wp-block-column-is-layout-flow\" style=\"flex-basis:33.33%\">\n<div class=\"wp-block-group has-light-background-color has-background is-layout-constrained wp-container-core-group-is-layout-ae744a23 wp-block-group-is-layout-constrained\" style=\"padding-top:var(--wp--preset--spacing--70);padding-right:var(--wp--preset--spacing--70);padding-bottom:var(--wp--preset--spacing--70);padding-left:var(--wp--preset--spacing--70)\">\n<p><strong>Le nostre agenzie di prossimit\u00e0 XEFI sono presenti in Svizzera per essere il pi\u00f9 vicino possibile a voi.<\/strong><\/p>\n\n\n\n<p>Scoprite le nostre agenzie locali, i loro recapiti e orari di apertura. <\/p>\n<\/div>\n<\/div>\n\n\n\n<div class=\"wp-block-column is-layout-flow wp-block-column-is-layout-flow\" style=\"flex-basis:66.66%\">    <div class=\"manitoba-stores-list wp-block-manitoba-stores-stores-list\">\n                    <div class=\"stores-country\">\n                                                                            <section class=\"region\">\n                            <div class=\"region-stores\">\n                                <ul class=\"stores\">\n                                                                            <li class=\"stores-item\">\n                                            <a href=\"https:\/\/www.xefi.ch\/it\/agence\/xefi-geneve-centre\/\" class=\"store\">XEFI Gen\u00e8ve Centre<\/a>\n                                        <\/li>\n                                                                            <li class=\"stores-item\">\n                                            <a href=\"https:\/\/www.xefi.ch\/it\/agence\/xefi-geneve-eaux-vives\/\" class=\"store\">XEFI Gen\u00e8ve Eaux-Vives<\/a>\n                                        <\/li>\n                                                                            <li class=\"stores-item\">\n                                            <a href=\"https:\/\/www.xefi.ch\/it\/agence\/xefi-geneve-rive-gauche\/\" class=\"store\">XEFI Gen\u00e8ve Rive Gauche<\/a>\n                                        <\/li>\n                                                                            <li class=\"stores-item\">\n                                            <a href=\"https:\/\/www.xefi.ch\/it\/agence\/xefi-lausanne-ouest\/\" class=\"store\">XEFI Lausanne Ouest<\/a>\n                                        <\/li>\n                                                                            <li class=\"stores-item\">\n                                            <a href=\"https:\/\/www.xefi.ch\/it\/agence\/xefi-monthey\/\" class=\"store\">XEFI Monthey<\/a>\n                                        <\/li>\n                                                                            <li class=\"stores-item\">\n                                            <a href=\"https:\/\/www.xefi.ch\/it\/agence\/xefi-neuchatel\/\" class=\"store\">XEFI Neuch\u00e2tel<\/a>\n                                        <\/li>\n                                                                            <li class=\"stores-item\">\n                                            <a href=\"https:\/\/www.xefi.ch\/it\/agence\/xefi-valais-central\/\" class=\"store\">XEFI Valais Central<\/a>\n                                        <\/li>\n                                                                    <\/ul>\n                            <\/div>\n                        <\/section>\n                                                <\/div>\n            <\/div>\n<\/div>\n<\/div>\n<\/div>\n\n<div class=\"wp-block-group alignfull has-light-background-color has-background is-layout-constrained wp-container-core-group-is-layout-a47e864c wp-block-group-is-layout-constrained\" style=\"padding-top:var(--wp--preset--spacing--80);padding-right:var(--wp--preset--spacing--50);padding-bottom:var(--wp--preset--spacing--80);padding-left:var(--wp--preset--spacing--50)\">\n<h2 class=\"wp-block-heading has-text-align-center\" style=\"margin-bottom:var(--wp--preset--spacing--80)\">Perch\u00e9 scegliere <mark class=\"has-inline-color has-primary-color\">XEFI?<\/mark><\/h2>\n\n\n\n<div class=\"wp-block-columns is-layout-flex wp-container-core-columns-is-layout-f5a44f5b wp-block-columns-is-layout-flex\">\n<div class=\"wp-block-column is-vertically-aligned-top is-layout-flow wp-block-column-is-layout-flow\">\n<figure class=\"wp-block-image aligncenter size-full\" style=\"margin-bottom:var(--wp--preset--spacing--50)\"><img decoding=\"async\" src=\"https:\/\/www.xefi.fr\/wp-content\/uploads\/sites\/2\/2025\/05\/icon_proximite.svg\" alt=\"\" class=\"wp-image-431\" \/><\/figure>\n\n\n\n<p class=\"has-text-align-center has-custom-medium-font-size\"><strong>Una presenza locale<\/strong><\/p>\n\n\n\n<p class=\"has-text-align-center\">7 agenzie in Svizzera: interlocutori unici situati a meno di 30 minuti dai nostri clienti<\/p>\n<\/div>\n\n\n\n<div class=\"wp-block-column is-layout-flow wp-block-column-is-layout-flow\">\n<figure class=\"wp-block-image aligncenter size-full\" style=\"margin-bottom:var(--wp--preset--spacing--50)\"><img decoding=\"async\" src=\"https:\/\/www.xefi.fr\/wp-content\/uploads\/sites\/2\/2025\/05\/icon_expertise.svg\" alt=\"\" class=\"wp-image-429\" \/><\/figure>\n\n\n\n<p class=\"has-text-align-center has-custom-medium-font-size\"><strong>Expertise<\/strong><\/p>\n\n\n\n<p class=\"has-text-align-center\">Un team di esperti, servizi e soluzioni informatiche dedicate alle micro imprese e alle PMI<\/p>\n<\/div>\n\n\n\n<div class=\"wp-block-column is-layout-flow wp-block-column-is-layout-flow\">\n<figure class=\"wp-block-image aligncenter size-full\" style=\"margin-bottom:var(--wp--preset--spacing--50)\"><img decoding=\"async\" src=\"https:\/\/www.xefi.fr\/wp-content\/uploads\/sites\/2\/2025\/05\/icon_transparence.svg\" alt=\"\" class=\"wp-image-435\" \/><\/figure>\n\n\n\n<p class=\"has-text-align-center has-custom-medium-font-size\"><strong>Trasparenza<\/strong><\/p>\n\n\n\n<p class=\"has-text-align-center\">Soluzioni chiavi in mano e senza costi nascosti, per una collaborazione chiara e diretta<\/p>\n<\/div>\n\n\n\n<div class=\"wp-block-column is-layout-flow wp-block-column-is-layout-flow\">\n<figure class=\"wp-block-image aligncenter size-full\" style=\"margin-bottom:var(--wp--preset--spacing--50)\"><img decoding=\"async\" src=\"https:\/\/www.xefi.fr\/wp-content\/uploads\/sites\/2\/2025\/05\/icon_serenite.svg\" alt=\"\" class=\"wp-image-433\" \/><\/figure>\n\n\n\n<p class=\"has-text-align-center has-custom-medium-font-size\"><strong>Serenit\u00e0<\/strong><\/p>\n\n\n\n<p class=\"has-text-align-center\">Un partner di fiducia che gestisce il suo sistema informatico e le assicura la continuit\u00e0 della sua attivit\u00e0<\/p>\n<\/div>\n<\/div>\n<\/div>\n","protected":false},"excerpt":{"rendered":"<p>la vostra agenzia xefi di prossimit\u00e0 IN SVIZZERA Trovate rapidamente l&#8217;agenzia XEFI pi\u00f9 vicina a voi cliccando sul pulsante di localizzazione o inserendo il vostro codice postale o la vostra citt\u00e0! trovate tutte le nostre agenzie IN SVIZZERA Le nostre agenzie di prossimit\u00e0 XEFI sono presenti in Svizzera per essere il pi\u00f9 vicino possibile a [&hellip;]<\/p>\n","protected":false},"author":1,"featured_media":12788,"parent":0,"menu_order":58,"comment_status":"closed","ping_status":"closed","template":"","meta":{"_acf_changed":false,"footnotes":""},"class_list":["post-14894","page","type-page","status-publish","has-post-thumbnail","hentry"],"acf":[],"_links":{"self":[{"href":"https:\/\/www.xefi.ch\/it\/wp-json\/wp\/v2\/pages\/14894","targetHints":{"allow":["GET"]}}],"collection":[{"href":"https:\/\/www.xefi.ch\/it\/wp-json\/wp\/v2\/pages"}],"about":[{"href":"https:\/\/www.xefi.ch\/it\/wp-json\/wp\/v2\/types\/page"}],"author":[{"embeddable":true,"href":"https:\/\/www.xefi.ch\/it\/wp-json\/wp\/v2\/users\/1"}],"replies":[{"embeddable":true,"href":"https:\/\/www.xefi.ch\/it\/wp-json\/wp\/v2\/comments?post=14894"}],"version-history":[{"count":2,"href":"https:\/\/www.xefi.ch\/it\/wp-json\/wp\/v2\/pages\/14894\/revisions"}],"predecessor-version":[{"id":14901,"href":"https:\/\/www.xefi.ch\/it\/wp-json\/wp\/v2\/pages\/14894\/revisions\/14901"}],"wp:featuredmedia":[{"embeddable":true,"href":"https:\/\/www.xefi.ch\/it\/wp-json\/wp\/v2\/media\/12788"}],"wp:attachment":[{"href":"https:\/\/www.xefi.ch\/it\/wp-json\/wp\/v2\/media?parent=14894"}],"curies":[{"name":"wp","href":"https:\/\/api.w.org\/{rel}","templated":true}]}}