{"id":14917,"date":"2025-05-07T11:48:01","date_gmt":"2025-05-07T09:48:01","guid":{"rendered":"https:\/\/www.xefi.ch\/?page_id=14917"},"modified":"2026-01-29T16:48:47","modified_gmt":"2026-01-29T15:48:47","slug":"note-legali","status":"publish","type":"page","link":"https:\/\/www.xefi.ch\/it\/note-legali\/","title":{"rendered":"Note legali"},"content":{"rendered":"\n<div class=\"wp-block-group alignfull is-layout-constrained wp-container-core-group-is-layout-a47e864c wp-block-group-is-layout-constrained\" style=\"padding-top:var(--wp--preset--spacing--80);padding-right:var(--wp--preset--spacing--50);padding-bottom:var(--wp--preset--spacing--80);padding-left:var(--wp--preset--spacing--50)\">\n<div class=\"wp-block-group is-layout-constrained wp-container-core-group-is-layout-bea02a06 wp-block-group-is-layout-constrained\">\n<h2 class=\"wp-block-heading\"><strong>Editore\u00a0:<\/strong><\/h2>\n\n\n\n<p>Il sito www.xefi.com (di seguito il \u201cSito\u201d) che state consultando \u00e8 di propriet\u00e0 di:<br>la societ\u00e0 per azioni semplificata HOLDING GALAXITY;<br>con capitale sociale di 736.340 euro;<br>con sede legale in 2507 Avenue de l\u2019Europe, 69140 Rillieux-la-Pape (Francia);<br>iscritta al Registro delle Imprese di Lione con il numero RCS 433 902 640;<br>Partita IVA intracomunitaria: FR39433902640<br>Telefono: +33 47 283 75 75<br>Indirizzo e-mail: contact@xefi.fr<br>(di seguito la \u201cSociet\u00e0\u201d).<\/p>\n\n\n\n<h2 class=\"wp-block-heading\"><strong>Direttore della pubblicazione<\/strong><\/h2>\n\n\n\n<p>Sig. Pierre Guillermet<\/p>\n\n\n\n<h2 class=\"wp-block-heading\"><strong>Hosting\u00a0:<\/strong><\/h2>\n\n\n\n<p>Il Sito \u00e8 ospitato da:<br>la societ\u00e0 per azioni semplificata NEXEREN (RCS 753 351 709);<br>con sede legale in 2507 Avenue de l\u2019Europe, 69140 Rillieux-la-Pape (Francia);<br>Telefono: +33 47 283 75 75<\/p>\n\n\n\n<h2 class=\"wp-block-heading\"><strong>Diritti di propriet\u00e0 intellettuale<\/strong><\/h2>\n\n\n\n<p>L\u2019utente \u00e8 informato che le fotografie presenti sul Sito non hanno valore contrattuale.<br>I testi, i logotipi, le fotografie, le immagini e le illustrazioni riprodotte sul Sito sono di<br>propriet\u00e0 esclusiva della Societ\u00e0 e\/o sono liberi da diritti.<br>La navigazione del Sito non conferisce all\u2019utente alcun diritto di propriet\u00e0 su tali<br>elementi.<br>Di conseguenza, qualsiasi riproduzione, rappresentazione, utilizzo o adattamento,<br>totale o parziale, sotto qualsiasi forma, di uno o pi\u00f9 di tali elementi costituisce un atto<br>di contraffazione sanzionato dal Codice della propriet\u00e0 intellettuale.<br>Tutti i marchi denominativi o figurativi e ogni altro segno distintivo della Societ\u00e0 che<br>figurano sul Sito, registrati o meno, sono e rimarranno di propriet\u00e0 esclusiva della<br>Societ\u00e0.<br>Qualsiasi riproduzione totale o parziale, modifica o utilizzo di tali marchi e\/o segni<br>distintivi, per qualsiasi motivo e su qualsiasi supporto, senza il previo consenso<br>espresso della Societ\u00e0, \u00e8 severamente vietata.<br>Lo stesso vale per qualsiasi combinazione o associazione con altri marchi, simboli,<br>loghi o, pi\u00f9 in generale, qualsiasi segno distintivo destinato a formare un logo<br>composito.<\/p>\n\n\n\n<h2 class=\"wp-block-heading\"><strong>Collegamenti ipertestuali<\/strong><\/h2>\n\n\n\n<p>La creazione di collegamenti ipertestuali verso il Sito \u00e8 libera.<\/p>\n\n\n\n<p><br>L\u2019esistenza di un collegamento ipertestuale dal Sito verso un altro sito non costituisce<br>in alcun modo una validazione di tale sito o del suo contenuto.<br>La Societ\u00e0 non esercita alcun controllo sul contenuto di tali siti e non potr\u00e0 essere<br>ritenuta responsabile delle informazioni, opinioni o raccomandazioni formulate da<br>terzi su tali siti.<\/p>\n<\/div>\n<\/div>\n","protected":false},"excerpt":{"rendered":"<p>Editore\u00a0: Il sito www.xefi.com (di seguito il \u201cSito\u201d) che state consultando \u00e8 di propriet\u00e0 di:la societ\u00e0 per azioni semplificata HOLDING GALAXITY;con capitale sociale di 736.340 euro;con sede legale in 2507 Avenue de l\u2019Europe, 69140 Rillieux-la-Pape (Francia);iscritta al Registro delle Imprese di Lione con il numero RCS 433 902 640;Partita IVA intracomunitaria: FR39433902640Telefono: +33 47 283 [&hellip;]<\/p>\n","protected":false},"author":1,"featured_media":14918,"parent":0,"menu_order":67,"comment_status":"closed","ping_status":"closed","template":"","meta":{"_acf_changed":false,"footnotes":""},"class_list":["post-14917","page","type-page","status-publish","has-post-thumbnail","hentry","page_location-link-a-pie-di-pagina"],"acf":[],"_links":{"self":[{"href":"https:\/\/www.xefi.ch\/it\/wp-json\/wp\/v2\/pages\/14917","targetHints":{"allow":["GET"]}}],"collection":[{"href":"https:\/\/www.xefi.ch\/it\/wp-json\/wp\/v2\/pages"}],"about":[{"href":"https:\/\/www.xefi.ch\/it\/wp-json\/wp\/v2\/types\/page"}],"author":[{"embeddable":true,"href":"https:\/\/www.xefi.ch\/it\/wp-json\/wp\/v2\/users\/1"}],"replies":[{"embeddable":true,"href":"https:\/\/www.xefi.ch\/it\/wp-json\/wp\/v2\/comments?post=14917"}],"version-history":[{"count":1,"href":"https:\/\/www.xefi.ch\/it\/wp-json\/wp\/v2\/pages\/14917\/revisions"}],"predecessor-version":[{"id":14919,"href":"https:\/\/www.xefi.ch\/it\/wp-json\/wp\/v2\/pages\/14917\/revisions\/14919"}],"wp:featuredmedia":[{"embeddable":true,"href":"https:\/\/www.xefi.ch\/it\/wp-json\/wp\/v2\/media\/14918"}],"wp:attachment":[{"href":"https:\/\/www.xefi.ch\/it\/wp-json\/wp\/v2\/media?parent=14917"}],"curies":[{"name":"wp","href":"https:\/\/api.w.org\/{rel}","templated":true}]}}